{"id":938,"date":"2023-12-31T13:47:19","date_gmt":"2023-12-31T12:47:19","guid":{"rendered":"http:\/\/localhost\/?page_id=938"},"modified":"2024-01-05T08:52:06","modified_gmt":"2024-01-05T07:52:06","slug":"om-oss","status":"publish","type":"page","link":"https:\/\/uatlet.se\/?page_id=938","title":{"rendered":"Om oss"},"content":{"rendered":"<div class=\"vc_row wpb_row vc_row-fluid\"><div class=\"wpb_column vc_column_container vc_col-sm-12\"><div class=\"vc_column-inner\"><div class=\"wpb_wrapper\">        <div class=\"ovic-custom-heading style-01   ovic_vc_custom_6597b526c498e  ovic_vc_custom_6597b526c498e\"\n             style=\"\">\n                                                <h2 class=\"title\" style=\"\">\n                        <span class=\"text\">Om Oss<\/span>\n                    <\/h2>\n                                                    <\/div>\n        <\/div><\/div><\/div><\/div><div class=\"vc_row wpb_row vc_row-fluid\"><div class=\"wpb_column vc_column_container vc_col-sm-10\"><div class=\"vc_column-inner\"><div class=\"wpb_wrapper\">\n\t<div class=\"wpb_text_column wpb_content_element ovic_vc_custom_6597b526c498f \" >\n\t\t<div class=\"wpb_wrapper\">\n\t\t\t<p>AUtlet \u00e4r en shop d\u00e4r du kan k\u00f6pa billiga tr\u00e4ningskl\u00e4der fr\u00e5n Under Armour.<\/p>\n<p>F\u00f6retaget bakom AUtlet heter ND1 och vi \u00e4r verksamma inom ehandel med n\u00e5gra andra webshopar och vi tar ocks\u00e5 konsultuppdrag inom ehandel f\u00f6r att hj\u00e4lpa andra handlare. Ibland f\u00e5r vi via v\u00e5r verksamhet m\u00f6jlighet att k\u00f6pa upp restlager eller konkurslager fr\u00e5n andra f\u00f6retag. Vi brukar d\u00e5 starta en tillf\u00e4llig shop f\u00f6r att s\u00e4lja dom till ett bra pris &#8211; UAtlet \u00e4r en s\u00e5dan shop.<\/p>\n<p>All produkter h\u00e4r \u00e4r nya, oanv\u00e4nda och inte andrasortering &#8211; dom \u00e4r helt enkelt inte s\u00e5lda. \u00c4n.<\/p>\n<p>Angivna priser \u00e4r rek ca pris och v\u00e5rt pris. Priser p\u00e5 alla varor g\u00e4ller s\u00e5 l\u00e4nge lagret r\u00e4cker. T\u00e4nk p\u00e5 att vi har begr\u00e4nsat antal av varje artikel och inga m\u00f6jligheter att k\u00f6pa fler, s\u00e5 om du hittar n\u00e5got du gillar \u00e4r det bra att vara snabb.<\/p>\n<p>\u00c4ven om just den h\u00e4r shopen \u00e4r av Pop-Up karakt\u00e4r st\u00e5r ND1 bakom verksamheten och garanterar en bra upplevelse. Returregler g\u00e4ller naturligtvis som vanligt f\u00f6r ehandel (14 dagar) och vi anv\u00e4nder bara trygga, v\u00e4letablerade betalningsl\u00f6sningar. Det kan st\u00e5 Bench-Crew p\u00e5 fakturor eller bankid konfirmering &#8211; det \u00e4r ocks\u00e5 vi.<\/p>\n<p>Levererar g\u00f6r vi n\u00e4stan alltid samma dag eller senast dagen efter vi har f\u00e5tt er order.<\/p>\n<p>H\u00f6r av er till oss p\u00e5 info@uatlet.se om ni beh\u00f6ver hj\u00e4lp eller har n\u00e5gra fr\u00e5gor!<\/p>\n\n\t\t<\/div>\n\t<\/div>\n<\/div><\/div><\/div><div class=\"wpb_column vc_column_container vc_col-sm-2\"><div class=\"vc_column-inner\"><div class=\"wpb_wrapper\">\n\t<div  class=\"wpb_single_image wpb_content_element vc_align_left ovic_vc_custom_6597b526c4990\">\n\t\t\n\t\t<figure class=\"wpb_wrapper vc_figure\">\n\t\t\t<div class=\"vc_single_image-wrapper   vc_box_border_grey\"><figure><img decoding=\"async\" width=\"150\" height=\"150\" src=\"https:\/\/uatlet.se\/wp-content\/uploads\/2022\/11\/under_armour-logo.png\" class=\"vc_single_image-img attachment-thumbnail wp-post-image\" alt=\"\" title=\"under_armour-logo\" \/><\/figure><\/div>\n\t\t<\/figure>\n\t<\/div>\n<\/div><\/div><\/div><\/div>\n","protected":false},"excerpt":{"rendered":"Om Oss AUtlet \u00e4r en shop d\u00e4r du kan k\u00f6pa billiga tr\u00e4ningskl\u00e4der fr\u00e5n Under Armour. F\u00f6retaget bakom AUtlet heter ND1 och vi \u00e4r verksamma inom ehandel med n\u00e5gra andra webshopar och vi tar ocks\u00e5 konsultuppdrag inom ehandel f\u00f6r att hj\u00e4lpa andra handlare. Ibland f\u00e5r vi via v\u00e5r verksamhet m\u00f6jlighet att k\u00f6pa upp restlager eller konkurslager [...]","protected":false},"author":1,"featured_media":0,"parent":0,"menu_order":0,"comment_status":"closed","ping_status":"closed","template":"","meta":{"footnotes":""},"class_list":["post-938","page","type-page","status-publish","hentry"],"_links":{"self":[{"href":"https:\/\/uatlet.se\/index.php?rest_route=\/wp\/v2\/pages\/938","targetHints":{"allow":["GET"]}}],"collection":[{"href":"https:\/\/uatlet.se\/index.php?rest_route=\/wp\/v2\/pages"}],"about":[{"href":"https:\/\/uatlet.se\/index.php?rest_route=\/wp\/v2\/types\/page"}],"author":[{"embeddable":true,"href":"https:\/\/uatlet.se\/index.php?rest_route=\/wp\/v2\/users\/1"}],"replies":[{"embeddable":true,"href":"https:\/\/uatlet.se\/index.php?rest_route=%2Fwp%2Fv2%2Fcomments&post=938"}],"version-history":[{"count":6,"href":"https:\/\/uatlet.se\/index.php?rest_route=\/wp\/v2\/pages\/938\/revisions"}],"predecessor-version":[{"id":961,"href":"https:\/\/uatlet.se\/index.php?rest_route=\/wp\/v2\/pages\/938\/revisions\/961"}],"wp:attachment":[{"href":"https:\/\/uatlet.se\/index.php?rest_route=%2Fwp%2Fv2%2Fmedia&parent=938"}],"curies":[{"name":"wp","href":"https:\/\/api.w.org\/{rel}","templated":true}]}}