{"id":262,"date":"2023-01-06T17:44:58","date_gmt":"2023-01-06T16:44:58","guid":{"rendered":"http:\/\/localhost\/?post_type=product&#038;p=262"},"modified":"2024-01-03T17:29:28","modified_gmt":"2024-01-03T16:29:28","slug":"under-armour-heatgear-armour-racer-tank-svart","status":"publish","type":"product","link":"https:\/\/uatlet.se\/?product=under-armour-heatgear-armour-racer-tank-svart","title":{"rendered":"Under Armour HeatGear\u00ae Armour Racer Tank Svart"},"content":{"rendered":"<h2>Inspiration!<\/h2>\n<p>En supersnygg tank top fr\u00e5n Under Armour, tillverkad av en ny generation av Under Armours HeatGear\u00ae material. Meshmaterial som ger en otroligt l\u00e4ttviktig k\u00e4nsla med perfekt passform och bra andning utan att offra support eller vara genomskinlig<span style=\"font-size: 1rem;\">. Den nya modellen p\u00e5 baksidan ger bra utrymme f\u00f6r r\u00f6relser i alla riktningar. Och som vanligt\u00a0 med kl\u00e4der fr\u00e5n Under Armour \u00e4r materialet svettavvisande och torkar otroligt snabbt.<\/span><\/p>\n<h2>Information!<\/h2>\n<ul>\n<li>L\u00e4tt med mesh som ger suberbt bra anding utan att vara genomskinlig<\/li>\n<li>Fuktavst\u00f6tande system som \u00e4r svettavvisande och h\u00e5ller dig torr och sval<\/li>\n<li>L\u00e4ttvikts fyrv\u00e4gsstretch som f\u00f6rb\u00e4ttrar r\u00f6rlighet i alla riktningar och bibeh\u00e5ller formen<\/li>\n<li>Anti-bakteriell teknologi som h\u00e5ller din topp fr\u00e4sch l\u00e4ngre<\/li>\n<li>Kantfria s\u00f6mmar<\/li>\n<li>92% Polyester\/8% Elastane<\/li>\n<li>Svart<\/li>\n<\/ul>\n<p>&nbsp;<\/p>\n","protected":false},"excerpt":{"rendered":"<p>En supersnygg tank top fr\u00e5n Under Armour med perfekt passform och bra andning utan att offra support eller vara genomskinlig<span style=\"font-size: 1rem;\">.<\/span><\/p>\n","protected":false},"featured_media":430,"template":"","meta":[],"product_cat":[58],"product_tag":[53],"class_list":{"0":"post-262","1":"product","2":"type-product","3":"status-publish","4":"has-post-thumbnail","6":"product_cat-tank-tops","7":"product_tag-kvinnor","8":"product_shipping_class-fri-frakt","10":"first","11":"instock","12":"sale","13":"taxable","14":"shipping-taxable","15":"purchasable","16":"product-type-variable","17":"rtwpvs-product"},"_links":{"self":[{"href":"https:\/\/uatlet.se\/index.php?rest_route=\/wp\/v2\/product\/262","targetHints":{"allow":["GET"]}}],"collection":[{"href":"https:\/\/uatlet.se\/index.php?rest_route=\/wp\/v2\/product"}],"about":[{"href":"https:\/\/uatlet.se\/index.php?rest_route=\/wp\/v2\/types\/product"}],"wp:featuredmedia":[{"embeddable":true,"href":"https:\/\/uatlet.se\/index.php?rest_route=\/wp\/v2\/media\/430"}],"wp:attachment":[{"href":"https:\/\/uatlet.se\/index.php?rest_route=%2Fwp%2Fv2%2Fmedia&parent=262"}],"wp:term":[{"taxonomy":"product_cat","embeddable":true,"href":"https:\/\/uatlet.se\/index.php?rest_route=%2Fwp%2Fv2%2Fproduct_cat&post=262"},{"taxonomy":"product_tag","embeddable":true,"href":"https:\/\/uatlet.se\/index.php?rest_route=%2Fwp%2Fv2%2Fproduct_tag&post=262"}],"curies":[{"name":"wp","href":"https:\/\/api.w.org\/{rel}","templated":true}]}}