{"id":264,"date":"2023-01-06T17:44:58","date_gmt":"2023-01-06T16:44:58","guid":{"rendered":"http:\/\/localhost\/?post_type=product&#038;p=264"},"modified":"2024-01-03T22:51:33","modified_gmt":"2024-01-03T21:51:33","slug":"under-armour-tech-tank-svart","status":"publish","type":"product","link":"https:\/\/uatlet.se\/?product=under-armour-tech-tank-svart","title":{"rendered":"Under Armour Tech Tank Svart"},"content":{"rendered":"<h2>Inspiration!<\/h2>\n<p>En snygg tank top med en gener\u00f6s, avslappnad, loose fit f\u00f6r maximal bekv\u00e4mlighet. Det otroligt l\u00e4tta UA Tech\u2122 materialet \u00e4r ofattbart mjukt och har Under Armours klassiska h\u00f6ga kvalit\u00e9. Med ett avancerat system f\u00f6r fukttransport leds all svett bort och du forts\u00e4tter vara varm och torr.<\/p>\n<p>Den \u00e4r tillverkad med en fyrv\u00e4gs strech-konstruktion som g\u00f6r att det smidigt r\u00f6r sig i alla olika riktningar s\u00e5 att du kan anv\u00e4nda den till vilken sport du vill, \u00e4ven om vi rekommenderar basket.<\/p>\n<h2>Information!<\/h2>\n<ul>\n<li>Signature Moisture Transport System som \u00e4r svettavvisande och h\u00e5ller dig torr och sk\u00f6n<\/li>\n<li>UA Tech\u2122 material som torkar fort och har en naturligt mjuk och sk\u00f6n k\u00e4nsla<\/li>\n<li>L\u00e4ttvikts fyrv\u00e4gsstretch som f\u00f6rb\u00e4ttrar r\u00f6rlighet i alla riktningar och bibeh\u00e5ller formen<\/li>\n<li>Anti-bakteriell teknologi som h\u00e5ller din topp fr\u00e4sch l\u00e4ngre<\/li>\n<li>100% Polyester<\/li>\n<li>Svart<\/li>\n<\/ul>\n<p>&nbsp;<\/p>\n","protected":false},"excerpt":{"rendered":"<p>En snygg tank top med en gener\u00f6s, avslappnad, loose fit. Det otroligt l\u00e4tta UA Tech\u2122 materialet \u00e4r ofattbart mjukt och har Under Armours klassiska h\u00f6ga kvalit\u00e9.<\/p>\n","protected":false},"featured_media":394,"template":"","meta":[],"product_cat":[58],"product_tag":[53],"class_list":{"0":"post-264","1":"product","2":"type-product","3":"status-publish","4":"has-post-thumbnail","6":"product_cat-tank-tops","7":"product_tag-kvinnor","8":"product_shipping_class-fri-frakt","10":"first","11":"instock","12":"sale","13":"taxable","14":"shipping-taxable","15":"purchasable","16":"product-type-variable","17":"rtwpvs-product"},"_links":{"self":[{"href":"https:\/\/uatlet.se\/index.php?rest_route=\/wp\/v2\/product\/264","targetHints":{"allow":["GET"]}}],"collection":[{"href":"https:\/\/uatlet.se\/index.php?rest_route=\/wp\/v2\/product"}],"about":[{"href":"https:\/\/uatlet.se\/index.php?rest_route=\/wp\/v2\/types\/product"}],"wp:featuredmedia":[{"embeddable":true,"href":"https:\/\/uatlet.se\/index.php?rest_route=\/wp\/v2\/media\/394"}],"wp:attachment":[{"href":"https:\/\/uatlet.se\/index.php?rest_route=%2Fwp%2Fv2%2Fmedia&parent=264"}],"wp:term":[{"taxonomy":"product_cat","embeddable":true,"href":"https:\/\/uatlet.se\/index.php?rest_route=%2Fwp%2Fv2%2Fproduct_cat&post=264"},{"taxonomy":"product_tag","embeddable":true,"href":"https:\/\/uatlet.se\/index.php?rest_route=%2Fwp%2Fv2%2Fproduct_tag&post=264"}],"curies":[{"name":"wp","href":"https:\/\/api.w.org\/{rel}","templated":true}]}}