{"id":332,"date":"2023-01-06T17:45:17","date_gmt":"2023-01-06T16:45:17","guid":{"rendered":"http:\/\/localhost\/?post_type=product&#038;p=332"},"modified":"2025-04-30T07:02:38","modified_gmt":"2025-04-30T06:02:38","slug":"under-armour-blitzing-3-0-keps-svart","status":"publish","type":"product","link":"https:\/\/uatlet.se\/?product=under-armour-blitzing-3-0-keps-svart","title":{"rendered":"Under Armour Blitzing 3.0 Keps Svart"},"content":{"rendered":"<h2>Inspiration!<\/h2>\n<p>Det h\u00e4r \u00e4r tredje generationen av en av de popul\u00e4raste kepsarna fr\u00e5n Under Armour. Funktionsmaterial, classic fit, och det klassiska HeatGear svettbandet g\u00f6r den enkelt till en favorit.<\/p>\n<p>Modellen har\u00a0 en formad sk\u00e4rm och en frontpanel med struktur vilket g\u00f6r att den h\u00e5ller formen med en l\u00e5g profil och g\u00f6r att du ser precis s\u00e5 cool ut som du f\u00f6rv\u00e4ntar dig &#8211; l\u00e4nge! Baksidan av fronpanelen har en skumpackning f\u00f6r b\u00e4sta comfort. Och f\u00f6r att visa omv\u00e4rlden har den naturligtvis den ingraverade Under Armour loggan.<\/p>\n<h2>Information!<\/h2>\n<div class=\"description\">\n<ul>\n<li>UA Classic Fit har en f\u00f6rb\u00f6jd sk\u00e4rm och front panels med struktur som h\u00e5ller formen p\u00e5 kepsen l\u00e4nge<\/li>\n<li>Skumpackning p\u00e5 baksidan av frontpanelen f\u00f6r b\u00e4sta bekv\u00e4mlighet<\/li>\n<li>Nydesignad UA Microthread material framtaget f\u00f6r att ge utomordentligt h\u00e5llbarhet och andning<\/li>\n<li>Inbyggt HeatGear\u00ae svettband som leder bort svett och h\u00e5ller dig sval och torr<\/li>\n<li>Stretch konstruktion som ger en bekv\u00e4m passform<\/li>\n<li>Ingraverad logga<\/li>\n<li>100% Polyester<\/li>\n<li>F\u00e4rg: Svart<\/li>\n<\/ul>\n<p><em>Finns ocks\u00e5 i <a href=\"\/?p=3198\">gr\u00e5<\/a> och <a href=\"\/?p=3210\">vit<\/a>.<\/em><\/p>\n<\/div>\n","protected":false},"excerpt":{"rendered":"<p>Det h\u00e4r \u00e4r tredje generationen av en av de popul\u00e4raste kepsarna fr\u00e5n Under Armour. Funktionsmaterial, classic fit, och det klassiska HeatGear svettbandet g\u00f6r den enkel till en favorit.<\/p>\n","protected":false},"featured_media":344,"template":"","meta":[],"product_cat":[50],"product_tag":[51],"class_list":{"0":"post-332","1":"product","2":"type-product","3":"status-publish","4":"has-post-thumbnail","6":"product_cat-kepsar","7":"product_tag-man","8":"product_shipping_class-fri-frakt","10":"first","11":"instock","12":"sale","13":"taxable","14":"shipping-taxable","15":"purchasable","16":"product-type-variable","17":"rtwpvs-product"},"_links":{"self":[{"href":"https:\/\/uatlet.se\/index.php?rest_route=\/wp\/v2\/product\/332","targetHints":{"allow":["GET"]}}],"collection":[{"href":"https:\/\/uatlet.se\/index.php?rest_route=\/wp\/v2\/product"}],"about":[{"href":"https:\/\/uatlet.se\/index.php?rest_route=\/wp\/v2\/types\/product"}],"wp:featuredmedia":[{"embeddable":true,"href":"https:\/\/uatlet.se\/index.php?rest_route=\/wp\/v2\/media\/344"}],"wp:attachment":[{"href":"https:\/\/uatlet.se\/index.php?rest_route=%2Fwp%2Fv2%2Fmedia&parent=332"}],"wp:term":[{"taxonomy":"product_cat","embeddable":true,"href":"https:\/\/uatlet.se\/index.php?rest_route=%2Fwp%2Fv2%2Fproduct_cat&post=332"},{"taxonomy":"product_tag","embeddable":true,"href":"https:\/\/uatlet.se\/index.php?rest_route=%2Fwp%2Fv2%2Fproduct_tag&post=332"}],"curies":[{"name":"wp","href":"https:\/\/api.w.org\/{rel}","templated":true}]}}