{"id":347,"date":"2023-01-06T17:45:28","date_gmt":"2023-01-06T16:45:28","guid":{"rendered":"http:\/\/localhost\/?post_type=product&#038;p=347"},"modified":"2024-01-03T16:57:29","modified_gmt":"2024-01-03T15:57:29","slug":"under-armour-heatgear-armour-kortarmad-topp-svart","status":"publish","type":"product","link":"https:\/\/uatlet.se\/?product=under-armour-heatgear-armour-kortarmad-topp-svart","title":{"rendered":"Under Armour HeatGear\u00ae Armour Kort\u00e4rmad Topp Svart"},"content":{"rendered":"<h2>Inspiration!<\/h2>\n<p>Den h\u00e4r kort\u00e4rmade HeatGear Armour toppen fr\u00e5n Under Armour l\u00e5ter dig fokusera p\u00e5 din tr\u00e4ning. V\u00e4ger n\u00e4stan ingenting och andas otroligt bra utan att vara genomskinlig. Svettavvisande material som torkar fort och framf\u00f6r allt &#8211; den ser bra ut och f\u00e5r dig att se bra ut!<\/p>\n<p>Den \u00e4r tillverkad med en fyrv\u00e4gs strech-konstruktion som g\u00f6r att det smidigt r\u00f6r sig i alla olika riktningar s\u00e5 att du kan anv\u00e4nda den till vilken sport du vill, \u00e4ven om vi rekommenderar basket.<\/p>\n<h2>Information!<\/h2>\n<ul>\n<li>L\u00e4tt med mesh som ger suberbt bra anding utan att vara genomskinlig<\/li>\n<li>Fuktavst\u00f6tande\u00a0 system som avvisar svett och h\u00e5ller dig torr och sval<\/li>\n<li>L\u00e4ttvikts fyrv\u00e4gsstretch som f\u00f6rb\u00e4ttrar r\u00f6rlighet i alla riktningar och bibeh\u00e5ller formen.<\/li>\n<li>Anti-bakterie teknology som h\u00e5ller din topp fr\u00e4sch l\u00e4ngre<\/li>\n<li>Kantfria s\u00f6mmar<\/li>\n<li>Drop-tail baksida f\u00f6r b\u00e4ttre t\u00e4ckning av ryggen.<\/li>\n<li>Klassisk crew neck.<\/li>\n<li>V\u00e4ger ca 100 g (storlek M), varierar iite med olika storlekar<\/li>\n<li>Polyester\/Elastane.<\/li>\n<li>Svart<\/li>\n<\/ul>\n<p>Finns ocks\u00e5 i\u00a0<a href=\"\/?p=1284\">orange<\/a>.<\/p>\n","protected":false},"excerpt":{"rendered":"<p>Den h\u00e4r kort\u00e4rmade HeatGear Armour toppen fr\u00e5n Under Armour l\u00e5ter dig fokusera p\u00e5 din tr\u00e4ning. V\u00e4ger n\u00e4stan ingenting och andas otroligt bra utan att vara genomskinlig. Svettavvisande material som torkar fort och framf\u00f6r allt &#8211; den ser bra ut och f\u00e5r dig att se bra ut!<\/p>\n","protected":false},"featured_media":373,"template":"","meta":[],"product_cat":[52],"product_tag":[53],"class_list":{"0":"post-347","1":"product","2":"type-product","3":"status-publish","4":"has-post-thumbnail","6":"product_cat-kortarmat","7":"product_tag-kvinnor","8":"product_shipping_class-fri-frakt","10":"first","11":"instock","12":"sale","13":"taxable","14":"shipping-taxable","15":"purchasable","16":"product-type-variable","17":"rtwpvs-product"},"_links":{"self":[{"href":"https:\/\/uatlet.se\/index.php?rest_route=\/wp\/v2\/product\/347","targetHints":{"allow":["GET"]}}],"collection":[{"href":"https:\/\/uatlet.se\/index.php?rest_route=\/wp\/v2\/product"}],"about":[{"href":"https:\/\/uatlet.se\/index.php?rest_route=\/wp\/v2\/types\/product"}],"wp:featuredmedia":[{"embeddable":true,"href":"https:\/\/uatlet.se\/index.php?rest_route=\/wp\/v2\/media\/373"}],"wp:attachment":[{"href":"https:\/\/uatlet.se\/index.php?rest_route=%2Fwp%2Fv2%2Fmedia&parent=347"}],"wp:term":[{"taxonomy":"product_cat","embeddable":true,"href":"https:\/\/uatlet.se\/index.php?rest_route=%2Fwp%2Fv2%2Fproduct_cat&post=347"},{"taxonomy":"product_tag","embeddable":true,"href":"https:\/\/uatlet.se\/index.php?rest_route=%2Fwp%2Fv2%2Fproduct_tag&post=347"}],"curies":[{"name":"wp","href":"https:\/\/api.w.org\/{rel}","templated":true}]}}