{"id":355,"date":"2023-01-06T17:45:29","date_gmt":"2023-01-06T16:45:29","guid":{"rendered":"http:\/\/localhost\/?post_type=product&#038;p=355"},"modified":"2024-01-03T22:30:03","modified_gmt":"2024-01-03T21:30:03","slug":"under-armour-mk-1-langarmad-t-shirt-vit","status":"publish","type":"product","link":"https:\/\/uatlet.se\/?product=under-armour-mk-1-langarmad-t-shirt-vit","title":{"rendered":"Under Armour MK-1 L\u00e5ng\u00e4rmad T-Shirt Vit"},"content":{"rendered":"<h2>Inspiration!<\/h2>\n<p>Oavsett vilken fysisk aktivitet du h\u00e5ller p\u00e5 med s\u00e5 \u00e4r det h\u00e4r den perfekta l\u00e5ng\u00e4rmade T-Shirten f\u00f6r dig. Under Armours MK-1 &#8211; f\u00f6rkortning av\u00a0 Mode Kit 1 &#8211; \u00e4r en hel kollektion av l\u00e4tta, smidiga kl\u00e4der som andas bra f\u00f6r uppv\u00e4rmning och tr\u00e4ning som l\u00e4mpar sig bra f\u00f6r all sort tr\u00e4ning. Inklusive f\u00f6rst\u00e5s basket.<\/p>\n<p>Den v\u00e4ger otroligt lite och materialet HeatGear\u00ae\u00a0 \u00e4r supermjukt f\u00f6r att vara extra bekv\u00e4mt och sk\u00f6nt. Den har meshpaneler p\u00e5 baksida och underarmar f\u00f6r ventilation. Med fyrv\u00e4gsstretch r\u00f6r den sig smidigt i alla riktningar. Och om du svettas &#8211; och det g\u00f6r du om du \u00e4r en competitor \u2013 s\u00e5 \u00e4r materialet fuktavvisande och torkar fort.<\/p>\n<h2>Information!<\/h2>\n<ul>\n<li>Fitted: Next-to-skin utan squeeze<\/li>\n<li>HeatGear\u00ae material som \u00e4r mjukt och smidigt f\u00f6r extra komfort med liten vikt<\/li>\n<li>Meshpaneler p\u00e5 baksida och underarm som ger strategisk ventilation<\/li>\n<li>4-v\u00e4gs-stretch som r\u00f6r sig b\u00e4ttre i alla riktningar<\/li>\n<li>Svettavvisande material som torkar fort<\/li>\n<li>90% Polyester\/10% Elastane<\/li>\n<li>Vit<\/li>\n<\/ul>\n","protected":false},"excerpt":{"rendered":"<p>Oavsett vilken fysisk aktivitet du h\u00e5ller p\u00e5 med s\u00e5 \u00e4r det h\u00e4r den perfekta l\u00e5ng\u00e4rmade T-Shirten f\u00f6r dig. Materialet HeatGear\u00ae\u00a0 \u00e4r supermjukt f\u00f6r att vara extra bekv\u00e4mt och sk\u00f6nt. Och om du svettas &#8211; och det g\u00f6r du om du \u00e4r en competitor \u2013 s\u00e5 \u00e4r materialet fuktavvisande och torkar fort.<\/p>\n","protected":false},"featured_media":379,"template":"","meta":[],"product_cat":[54],"product_tag":[51],"class_list":{"0":"post-355","1":"product","2":"type-product","3":"status-publish","4":"has-post-thumbnail","6":"product_cat-langarmat","7":"product_tag-man","8":"product_shipping_class-fri-frakt","10":"first","11":"instock","12":"sale","13":"taxable","14":"shipping-taxable","15":"purchasable","16":"product-type-variable","17":"rtwpvs-product"},"_links":{"self":[{"href":"https:\/\/uatlet.se\/index.php?rest_route=\/wp\/v2\/product\/355","targetHints":{"allow":["GET"]}}],"collection":[{"href":"https:\/\/uatlet.se\/index.php?rest_route=\/wp\/v2\/product"}],"about":[{"href":"https:\/\/uatlet.se\/index.php?rest_route=\/wp\/v2\/types\/product"}],"wp:featuredmedia":[{"embeddable":true,"href":"https:\/\/uatlet.se\/index.php?rest_route=\/wp\/v2\/media\/379"}],"wp:attachment":[{"href":"https:\/\/uatlet.se\/index.php?rest_route=%2Fwp%2Fv2%2Fmedia&parent=355"}],"wp:term":[{"taxonomy":"product_cat","embeddable":true,"href":"https:\/\/uatlet.se\/index.php?rest_route=%2Fwp%2Fv2%2Fproduct_cat&post=355"},{"taxonomy":"product_tag","embeddable":true,"href":"https:\/\/uatlet.se\/index.php?rest_route=%2Fwp%2Fv2%2Fproduct_tag&post=355"}],"curies":[{"name":"wp","href":"https:\/\/api.w.org\/{rel}","templated":true}]}}