{"id":363,"date":"2023-01-06T17:45:31","date_gmt":"2023-01-06T16:45:31","guid":{"rendered":"http:\/\/localhost\/?post_type=product&#038;p=363"},"modified":"2024-08-14T12:23:17","modified_gmt":"2024-08-14T11:23:17","slug":"under-armour-tech-v-ringad-t-shirt-svart","status":"publish","type":"product","link":"https:\/\/uatlet.se\/?product=under-armour-tech-v-ringad-t-shirt-svart","title":{"rendered":"Under Armour Tech\u2122 V-ringad T-Shirt Svart"},"content":{"rendered":"<h2>Inspiration!<\/h2>\n<p>En oerh\u00f6rt mjuk djup V-ringad T-shirt tillverkad av Under Armour ber\u00f6mda\u00a0 Tech\u2122 material. En figursydd profil som ger en smidig, feminin siluett. Logo p\u00e5 framsidan i silver metallic.<\/p>\n<p>Under Armours Tech\u2122 material torkar fort, \u00e4r supermjukt och effektivt svettavvisande.\u00a0 Den har ocks\u00e5 en fyrv\u00e4gs stretch som v\u00e4ger lite och ger full r\u00f6rlighet i alla riktningar.<\/p>\n<h2>Information!<\/h2>\n<ul>\n<li>Djup V-ringad och figursydd f\u00f6r en smidig, feminin siluett<\/li>\n<li>Logo i silver metallic p\u00e5 framsida<\/li>\n<li>Signature Moisture Transport System som \u00e4r svettavvisande och h\u00e5ller dig torr och sk\u00f6n<\/li>\n<li>UA Tech\u2122 material som torkar fort och har en naturligt mjuk och sk\u00f6n k\u00e4nsla.<\/li>\n<li>L\u00e4ttvikts fyrv\u00e4gsstretch som f\u00f6rb\u00e4ttrar r\u00f6rlighet i alla riktningar och bibeh\u00e5ller formen<\/li>\n<li>Anti-bakteriell teknologi som h\u00e5ller din topp fr\u00e4sch l\u00e4ngre<\/li>\n<li>Svart<\/li>\n<\/ul>\n","protected":false},"excerpt":{"rendered":"<p>En oerh\u00f6rt mjuk djup V-ringad T-shirt tillverkad av Under Armour ber\u00f6mda\u00a0 Tech\u2122 material. Figursydd profil som ger en smidig, feminin siluett.<\/p>\n","protected":false},"featured_media":428,"template":"","meta":[],"product_cat":[52],"product_tag":[53],"class_list":{"0":"post-363","1":"product","2":"type-product","3":"status-publish","4":"has-post-thumbnail","6":"product_cat-kortarmat","7":"product_tag-kvinnor","8":"product_shipping_class-fri-frakt","10":"first","11":"instock","12":"sale","13":"taxable","14":"shipping-taxable","15":"purchasable","16":"product-type-variable","17":"rtwpvs-product"},"_links":{"self":[{"href":"https:\/\/uatlet.se\/index.php?rest_route=\/wp\/v2\/product\/363","targetHints":{"allow":["GET"]}}],"collection":[{"href":"https:\/\/uatlet.se\/index.php?rest_route=\/wp\/v2\/product"}],"about":[{"href":"https:\/\/uatlet.se\/index.php?rest_route=\/wp\/v2\/types\/product"}],"wp:featuredmedia":[{"embeddable":true,"href":"https:\/\/uatlet.se\/index.php?rest_route=\/wp\/v2\/media\/428"}],"wp:attachment":[{"href":"https:\/\/uatlet.se\/index.php?rest_route=%2Fwp%2Fv2%2Fmedia&parent=363"}],"wp:term":[{"taxonomy":"product_cat","embeddable":true,"href":"https:\/\/uatlet.se\/index.php?rest_route=%2Fwp%2Fv2%2Fproduct_cat&post=363"},{"taxonomy":"product_tag","embeddable":true,"href":"https:\/\/uatlet.se\/index.php?rest_route=%2Fwp%2Fv2%2Fproduct_tag&post=363"}],"curies":[{"name":"wp","href":"https:\/\/api.w.org\/{rel}","templated":true}]}}