{"id":364,"date":"2023-01-06T17:45:31","date_gmt":"2023-01-06T16:45:31","guid":{"rendered":"http:\/\/localhost\/?post_type=product&#038;p=364"},"modified":"2024-08-14T12:18:42","modified_gmt":"2024-08-14T11:18:42","slug":"under-armour-mid-crossback-sport-bh-lila","status":"publish","type":"product","link":"https:\/\/uatlet.se\/?product=under-armour-mid-crossback-sport-bh-lila","title":{"rendered":"Under Armour\u00ae Mid Crossback Sport BH Lila"},"content":{"rendered":"<h2>Inspiration!<\/h2>\n<p>Med den h\u00e4r Mid Crossback sport BH:n fr\u00e5n Under Armour kan du helt fokusera p\u00e5 matchen eller tr\u00e4ningen. Den \u00e4r tillverkad av en mix av polyester och elastane som avvisar fukt och svett och torkar fort. Den har ett supermjukt dubbellager HeatGear\u00ae material som ger en \u00f6verl\u00e4gsen next-to-skin k\u00e4nsla och ett ordentligt st\u00f6d. Mjuka kupor med bra andning ger extra struktur och t\u00e4ckning och de kan tas ur och \u00e4r m\u00e4rkta med R och L pilar f\u00f6r att l\u00e4tt kunna l\u00e4gga tillbaks dom igen. Passar b\u00e4st f\u00f6r A till C kupor.<\/p>\n<h2>Information!<\/h2>\n<ul>\n<li>Compression: Ultra-tight, second-skin fit f\u00f6r ett bra st\u00f6d<\/li>\n<li>B\u00e4st f\u00f6r A till C kupor<\/li>\n<li>Ger ett strategiskt st\u00f6d l\u00e4mpligt f\u00f6r aktiviteter med medium-impact<\/li>\n<li>Mjuka kupor med bra andning och t\u00e4ckning<\/li>\n<li>borttagbara kupor med R och L pilar f\u00f6r att underl\u00e4tta att s\u00e4tta i dom igen<\/li>\n<li>Crossover band<\/li>\n<li>Uppdaterat elastiskt band\u00a0 som \u00e4r mjukt och lent<\/li>\n<li>Super-lent dubbellager HeatGear\u00ae materia som ger en \u00f6verl\u00e4gsen next-to-skin k\u00e4nsla<\/li>\n<li>Svettavvisande material som torkar fort<\/li>\n<li>4-v\u00e4gs strech som r\u00f6r sig bra i alla riktningar<\/li>\n<li>87% Polyester\/13% Elastane<\/li>\n<li>F\u00e4rg: Lila<\/li>\n<\/ul>\n<p><em>Finns ocks\u00e5 i <a href=\"\/?p=1305\">svart<\/a> och <a href=\"\/?p=3147\">vit<\/a>.<\/em><\/p>\n","protected":false},"excerpt":{"rendered":"<p>Med den h\u00e4r Mid Crossback sport BH:n fr\u00e5n Under Armour kan du helt fokusera p\u00e5 matchen eller tr\u00e4ningen.\u00a0 Den har ett supermjukt dubbellager HeatGear\u00ae material som ger en \u00f6verl\u00e4gsen next-to-skin k\u00e4nsla och ett ordentligt st\u00f6d, avvisar fukt och svett och torkar fort.<\/p>\n","protected":false},"featured_media":673,"template":"","meta":[],"product_cat":[57],"product_tag":[53],"class_list":{"0":"post-364","1":"product","2":"type-product","3":"status-publish","4":"has-post-thumbnail","6":"product_cat-sport-bh","7":"product_tag-kvinnor","8":"product_shipping_class-fri-frakt","10":"first","11":"instock","12":"sale","13":"taxable","14":"shipping-taxable","15":"purchasable","16":"product-type-variable","17":"rtwpvs-product"},"_links":{"self":[{"href":"https:\/\/uatlet.se\/index.php?rest_route=\/wp\/v2\/product\/364","targetHints":{"allow":["GET"]}}],"collection":[{"href":"https:\/\/uatlet.se\/index.php?rest_route=\/wp\/v2\/product"}],"about":[{"href":"https:\/\/uatlet.se\/index.php?rest_route=\/wp\/v2\/types\/product"}],"wp:featuredmedia":[{"embeddable":true,"href":"https:\/\/uatlet.se\/index.php?rest_route=\/wp\/v2\/media\/673"}],"wp:attachment":[{"href":"https:\/\/uatlet.se\/index.php?rest_route=%2Fwp%2Fv2%2Fmedia&parent=364"}],"wp:term":[{"taxonomy":"product_cat","embeddable":true,"href":"https:\/\/uatlet.se\/index.php?rest_route=%2Fwp%2Fv2%2Fproduct_cat&post=364"},{"taxonomy":"product_tag","embeddable":true,"href":"https:\/\/uatlet.se\/index.php?rest_route=%2Fwp%2Fv2%2Fproduct_tag&post=364"}],"curies":[{"name":"wp","href":"https:\/\/api.w.org\/{rel}","templated":true}]}}