{"id":399,"date":"2023-01-06T17:45:48","date_gmt":"2023-01-06T16:45:48","guid":{"rendered":"http:\/\/localhost\/?post_type=product&#038;p=399"},"modified":"2024-01-03T22:56:32","modified_gmt":"2024-01-03T21:56:32","slug":"under-armour-traningsbyxor-i-tech-svarta","status":"publish","type":"product","link":"https:\/\/uatlet.se\/?product=under-armour-traningsbyxor-i-tech-svarta","title":{"rendered":"Under Armour Tr\u00e4ningsbyxor i Tech Svarta"},"content":{"rendered":"<h2>Inspiration!<\/h2>\n<p>Du k\u00e4nner s\u00e4kert redan till materialet i Under Armours mest popul\u00e4ra T-Shirts &#8211;\u00a0 Tech\u2122. Nu finns det ett bar bekv\u00e4ma tr\u00e4ningsbyxor\u00a0 gjorda av en lite tyngre version av samma material. Fortfarande med samma underbart mjuka k\u00e4nsla och med samma fantastiska egenskaper &#8211; svettavvisande och snabbtorkande.<\/p>\n<h2>Information!<\/h2>\n<ul>\n<li>Loose: Fylliga och mjuka f\u00f6r maximal bekv\u00e4mlighet<\/li>\n<li>UA Tech\u2122 Material som \u00e4r snabbtorkande och otroligt mjukt<\/li>\n<li>Moisture Transport System som \u00e4r svettavvisande och h\u00e5ller dig torr och sk\u00f6n.<\/li>\n<li>Mesh i fickorna<\/li>\n<li>Kontrastf\u00e4rg p\u00e5 insidan<\/li>\n<li>Tapered fit<\/li>\n<li>18 cm blixtl\u00e5s p\u00e5 benen<\/li>\n<li>Inners\u00f6m: 81 cm<\/li>\n<li>205 g Polyester<\/li>\n<li>Svarta<\/li>\n<\/ul>\n","protected":false},"excerpt":{"rendered":"<p>Ett par bekv\u00e4ma tr\u00e4ningsbyxor i en lite tyngre version av Under Armours Tech\u2122 material. Fortfarande med samma underbart mjuka k\u00e4nsla och med samma fantastiska egenskaper.<\/p>\n","protected":false},"featured_media":426,"template":"","meta":[],"product_cat":[60],"product_tag":[51],"class_list":{"0":"post-399","1":"product","2":"type-product","3":"status-publish","4":"has-post-thumbnail","6":"product_cat-traningsbyxor","7":"product_tag-man","8":"product_shipping_class-fri-frakt","10":"first","11":"instock","12":"sale","13":"taxable","14":"shipping-taxable","15":"purchasable","16":"product-type-variable","17":"rtwpvs-product"},"_links":{"self":[{"href":"https:\/\/uatlet.se\/index.php?rest_route=\/wp\/v2\/product\/399","targetHints":{"allow":["GET"]}}],"collection":[{"href":"https:\/\/uatlet.se\/index.php?rest_route=\/wp\/v2\/product"}],"about":[{"href":"https:\/\/uatlet.se\/index.php?rest_route=\/wp\/v2\/types\/product"}],"wp:featuredmedia":[{"embeddable":true,"href":"https:\/\/uatlet.se\/index.php?rest_route=\/wp\/v2\/media\/426"}],"wp:attachment":[{"href":"https:\/\/uatlet.se\/index.php?rest_route=%2Fwp%2Fv2%2Fmedia&parent=399"}],"wp:term":[{"taxonomy":"product_cat","embeddable":true,"href":"https:\/\/uatlet.se\/index.php?rest_route=%2Fwp%2Fv2%2Fproduct_cat&post=399"},{"taxonomy":"product_tag","embeddable":true,"href":"https:\/\/uatlet.se\/index.php?rest_route=%2Fwp%2Fv2%2Fproduct_tag&post=399"}],"curies":[{"name":"wp","href":"https:\/\/api.w.org\/{rel}","templated":true}]}}