{"id":418,"date":"2023-01-06T17:45:50","date_gmt":"2023-01-06T16:45:50","guid":{"rendered":"http:\/\/localhost\/?post_type=product&#038;p=418"},"modified":"2024-01-03T22:55:10","modified_gmt":"2024-01-03T21:55:10","slug":"under-armour-torch-basketskor-vita","status":"publish","type":"product","link":"https:\/\/uatlet.se\/?product=under-armour-torch-basketskor-vita","title":{"rendered":"Under Armour Torch Basketskor Vita"},"content":{"rendered":"<h2>Inspiration!<\/h2>\n<p>Har du n\u00e5gon g\u00e5ng sett n\u00e5gra av de lasersnabba guardsen i NBA n\u00e4r de g\u00f6r sina knivskarpa cuts, explosiva f\u00f6rsta steg och n\u00e4st intill om\u00f6jliga riktningsf\u00f6r\u00e4ndringar?<\/p>\n<p>Det kr\u00e4ver talang, \u00f6vning och m\u00e5nga timmar i hallen, men det kr\u00e4ver ocks\u00e5 en basketsko som till\u00e5ter och underl\u00e4ttar den typen av r\u00f6relser. Viket betyder att de m\u00e5ste ge ett perfekt grepp mot golvet, vara bekv\u00e4ma, ha l\u00e5g vikt och ge ett bra st\u00f6d f\u00f6r fot och anklar oavsett hur man vrider och v\u00e4nder. Dom m\u00e5ste ocks\u00e5 vara oerh\u00f6rt st\u00f6td\u00e4mpande f\u00f6r att undvika skador.<\/p>\n<p>Allt det och lite till f\u00e5r du med dom h\u00e4r Under Armour Torch skorna. Att dom dessutom f\u00e5r dig att se bra ut p\u00e5 planen \u00e4r bara en extra bonus!<\/p>\n<h2>Information!<\/h2>\n<ul>\n<li>Luftig mesh p\u00e5 ovansidan f\u00f6r bra st\u00f6d och sval sk\u00f6n k\u00e4nsla<\/li>\n<li>Pl\u00f6s av perforerad mesh f\u00f6r bra andning och komfort p\u00e5 ovansidan av foten<\/li>\n<li>Webbed lacing system f\u00f6r anpassningsbar sn\u00f6rning och passform<\/li>\n<li>Stansad EVA innersula ger st\u00f6d och d\u00e4mpning under foten<\/li>\n<li>Mellansula av Micro G\u00ae foam som ger \u00e5terf\u00f6r energin vid hopp<\/li>\n<li>Yttersula i gummi med fiskbensm\u00f6nster f\u00f6r att ge maximalt grepp och kontroll p\u00e5 planen<\/li>\n<li>357 g<\/li>\n<li>F\u00e4rg: Vita<\/li>\n<\/ul>\n<p><em>Finns ocks\u00e5 i <a href=\"\/?p=2558\">svarta<\/a>.<\/em><\/p>\n","protected":false},"excerpt":{"rendered":"<p>H\u00f6gpresterande, l\u00e4tta basketskor med perfekt grepp och st\u00f6d.<\/p>\n","protected":false},"featured_media":667,"template":"","meta":[],"product_cat":[63],"product_tag":[51],"class_list":{"0":"post-418","1":"product","2":"type-product","3":"status-publish","4":"has-post-thumbnail","6":"product_cat-basketskor","7":"product_tag-man","8":"product_shipping_class-fri-frakt","10":"first","11":"instock","12":"sale","13":"taxable","14":"shipping-taxable","15":"purchasable","16":"product-type-variable","17":"rtwpvs-product"},"_links":{"self":[{"href":"https:\/\/uatlet.se\/index.php?rest_route=\/wp\/v2\/product\/418","targetHints":{"allow":["GET"]}}],"collection":[{"href":"https:\/\/uatlet.se\/index.php?rest_route=\/wp\/v2\/product"}],"about":[{"href":"https:\/\/uatlet.se\/index.php?rest_route=\/wp\/v2\/types\/product"}],"wp:featuredmedia":[{"embeddable":true,"href":"https:\/\/uatlet.se\/index.php?rest_route=\/wp\/v2\/media\/667"}],"wp:attachment":[{"href":"https:\/\/uatlet.se\/index.php?rest_route=%2Fwp%2Fv2%2Fmedia&parent=418"}],"wp:term":[{"taxonomy":"product_cat","embeddable":true,"href":"https:\/\/uatlet.se\/index.php?rest_route=%2Fwp%2Fv2%2Fproduct_cat&post=418"},{"taxonomy":"product_tag","embeddable":true,"href":"https:\/\/uatlet.se\/index.php?rest_route=%2Fwp%2Fv2%2Fproduct_tag&post=418"}],"curies":[{"name":"wp","href":"https:\/\/api.w.org\/{rel}","templated":true}]}}