{"id":456,"date":"2023-01-06T17:46:10","date_gmt":"2023-01-06T16:46:10","guid":{"rendered":"http:\/\/localhost\/?post_type=product&#038;p=456"},"modified":"2024-01-03T16:39:50","modified_gmt":"2024-01-03T15:39:50","slug":"under-armour-featherweight-fleece-hoodie-svart","status":"publish","type":"product","link":"https:\/\/uatlet.se\/?product=under-armour-featherweight-fleece-hoodie-svart","title":{"rendered":"Under Armour Featherweight Fleece Hoodie Svart"},"content":{"rendered":"<h2>Inspiration!<\/h2>\n<p>Attityd. Basket handlar mycket om attityd. Hoodies handlar mycket om attityd. Och Basket handlar mycket om Hoodies. F\u00e5 kl\u00e4desplagg \u2013 med undantag f\u00f6r sneakers \u2013 symboliserar basket s\u00e5 mycket som Hoodien. Och det \u00e4r d\u00e4rf\u00f6r Under Armour har sett till att ha dom i sitt sortiment och det \u00e4r d\u00e4rf\u00f6r vi p\u00e5 Bench-Crew har lagt till de b\u00e4sta i v\u00e5rt sortiment.<\/p>\n<p>F\u00f6rutom att ha attityd, s\u00e5 \u00e4r den h\u00e4r Fleece Hoodien supermjuk och har en otroligt l\u00e4tt, sk\u00f6n k\u00e4nsla. Materialet \u00e4r fuktavvisande och torkar fort vilket g\u00f6r den perfekt f\u00f6r b\u00e5de tr\u00e4ning om du beh\u00f6ver h\u00e5lla v\u00e4rmen och p\u00e5 v\u00e4g till och fr\u00e5n tr\u00e4ningen. Den har en k\u00e4ngruficka och UA loggan p\u00e5 framsidan samt Under Armour detaljer p\u00e5 sidan.<\/p>\n<h2>Information!<\/h2>\n<ul>\n<li>Passform: Loose<\/li>\n<li>Supermjuk och flexible fleece med en otroligt l\u00e4tt och sk\u00f6n k\u00e4nsla<\/li>\n<li>Fuktavvisande material som torkar fort<\/li>\n<li>K\u00e4ngaruficka<\/li>\n<li>Formad, l\u00e4ngre baksida som t\u00e4cker b\u00e4ttre<\/li>\n<li>Under Armour text p\u00e5 elastiskt band i sids\u00f6mmarna<\/li>\n<li>Ribbade elastiska \u00e4rmslut<\/li>\n<li>53% Bomull\/24% Polyester\/23% Elasterell<\/li>\n<li>F\u00e4rg: Svart<\/li>\n<\/ul>\n<p><em>Finns \u00e4ven i\u00a0<a href=\"\/?p=3261\">rosa<\/a>.<\/em><\/p>\n","protected":false},"excerpt":{"rendered":"<p><span style=\"font-size: 1rem;\">Supermjuk<\/span><span style=\"font-size: 1rem;\"> f<\/span>leece Hoodie fr\u00e5n Under Armour med en otroligt l\u00e4tt, sk\u00f6n k\u00e4nsla. Perfekt f\u00f6r b\u00e5de tr\u00e4ning p\u00e5 v\u00e4g till och fr\u00e5n matchen. Finns \u00e4ven i rosa.<\/p>\n","protected":false},"featured_media":484,"template":"","meta":[],"product_cat":[54,64],"product_tag":[53],"class_list":{"0":"post-456","1":"product","2":"type-product","3":"status-publish","4":"has-post-thumbnail","6":"product_cat-langarmat","7":"product_cat-hoodies","8":"product_tag-kvinnor","9":"product_shipping_class-fri-frakt","11":"first","12":"instock","13":"sale","14":"taxable","15":"shipping-taxable","16":"purchasable","17":"product-type-variable","18":"rtwpvs-product"},"_links":{"self":[{"href":"https:\/\/uatlet.se\/index.php?rest_route=\/wp\/v2\/product\/456","targetHints":{"allow":["GET"]}}],"collection":[{"href":"https:\/\/uatlet.se\/index.php?rest_route=\/wp\/v2\/product"}],"about":[{"href":"https:\/\/uatlet.se\/index.php?rest_route=\/wp\/v2\/types\/product"}],"wp:featuredmedia":[{"embeddable":true,"href":"https:\/\/uatlet.se\/index.php?rest_route=\/wp\/v2\/media\/484"}],"wp:attachment":[{"href":"https:\/\/uatlet.se\/index.php?rest_route=%2Fwp%2Fv2%2Fmedia&parent=456"}],"wp:term":[{"taxonomy":"product_cat","embeddable":true,"href":"https:\/\/uatlet.se\/index.php?rest_route=%2Fwp%2Fv2%2Fproduct_cat&post=456"},{"taxonomy":"product_tag","embeddable":true,"href":"https:\/\/uatlet.se\/index.php?rest_route=%2Fwp%2Fv2%2Fproduct_tag&post=456"}],"curies":[{"name":"wp","href":"https:\/\/api.w.org\/{rel}","templated":true}]}}