{"id":460,"date":"2023-01-06T17:46:11","date_gmt":"2023-01-06T16:46:11","guid":{"rendered":"http:\/\/localhost\/?post_type=product&#038;p=460"},"modified":"2026-01-01T17:19:03","modified_gmt":"2026-01-01T16:19:03","slug":"under-armour-rival-fleece-full-zip-hoodie-svart","status":"publish","type":"product","link":"https:\/\/uatlet.se\/?product=under-armour-rival-fleece-full-zip-hoodie-svart","title":{"rendered":"Under Armour Rival Fleece Full-Zip Hoodie Svart"},"content":{"rendered":"<h2>Inspiration!<\/h2>\n<p>Attityd. Basket handlar mycket om attityd. Hoodies handlar mycket om attityd. Och Basket handlar mycket om Hoodies. F\u00e5 kl\u00e4desplagg \u2013 med undantag f\u00f6r sneakers \u2013 symboliserar basket s\u00e5 mycket som Hoodien. Och det \u00e4r d\u00e4rf\u00f6r Under Armour har sett till att ha dom i sitt sortiment och det \u00e4r d\u00e4rf\u00f6r vi p\u00e5 Bench-Crew har lagt till de b\u00e4sta i v\u00e5rt sortiment.<\/p>\n<p>Det h\u00e4r \u00e4r en riktigt mjuk och l\u00e4tt bomullsblandad fleece Hoodie med en full\u00e4ngds dragkedja fram. Den v\u00e4vda Under Armour loggan signalerar b\u00e5de attityd, komfort, funktion och kvalit\u00e9. Den nya streamlinade passformen ger den en sportig look &amp; feel.<\/p>\n<h2>Information!<\/h2>\n<ul>\n<li>Passform: Loose<\/li>\n<li>Ultramjuk bomullsblandad fleece<\/li>\n<li>Fuktavvisande material som torkar fort<\/li>\n<li>Justerbar huva<\/li>\n<li>\u00d6ppna fickor<\/li>\n<li>Ribbade elastiska \u00e4rmslut<\/li>\n<li>V\u00e4vd UA logga<\/li>\n<li>Ny streamlinad passform med sportig look &amp; feel<\/li>\n<li>80% Bomull\/20% Polyester<\/li>\n<li>Vikt 230g<\/li>\n<li>Svart<\/li>\n<\/ul>\n","protected":false},"excerpt":{"rendered":"<p>Mjuk och l\u00e4tt bomullsblandad fleece Hoodie fr\u00e5n Under Armour med en full\u00e4ngds dragkedja fram. Den klassiska UA loggan \u00e4r v\u00e4vd framtill.<\/p>\n","protected":false},"featured_media":486,"template":"","meta":[],"product_cat":[54,64],"product_tag":[51],"class_list":{"0":"post-460","1":"product","2":"type-product","3":"status-publish","4":"has-post-thumbnail","6":"product_cat-langarmat","7":"product_cat-hoodies","8":"product_tag-man","9":"product_shipping_class-fri-frakt","11":"first","12":"instock","13":"sale","14":"taxable","15":"shipping-taxable","16":"purchasable","17":"product-type-variable","18":"rtwpvs-product"},"_links":{"self":[{"href":"https:\/\/uatlet.se\/index.php?rest_route=\/wp\/v2\/product\/460","targetHints":{"allow":["GET"]}}],"collection":[{"href":"https:\/\/uatlet.se\/index.php?rest_route=\/wp\/v2\/product"}],"about":[{"href":"https:\/\/uatlet.se\/index.php?rest_route=\/wp\/v2\/types\/product"}],"wp:featuredmedia":[{"embeddable":true,"href":"https:\/\/uatlet.se\/index.php?rest_route=\/wp\/v2\/media\/486"}],"wp:attachment":[{"href":"https:\/\/uatlet.se\/index.php?rest_route=%2Fwp%2Fv2%2Fmedia&parent=460"}],"wp:term":[{"taxonomy":"product_cat","embeddable":true,"href":"https:\/\/uatlet.se\/index.php?rest_route=%2Fwp%2Fv2%2Fproduct_cat&post=460"},{"taxonomy":"product_tag","embeddable":true,"href":"https:\/\/uatlet.se\/index.php?rest_route=%2Fwp%2Fv2%2Fproduct_tag&post=460"}],"curies":[{"name":"wp","href":"https:\/\/api.w.org\/{rel}","templated":true}]}}