{"id":464,"date":"2023-01-06T17:46:11","date_gmt":"2023-01-06T16:46:11","guid":{"rendered":"http:\/\/localhost\/?post_type=product&#038;p=464"},"modified":"2024-08-14T12:20:49","modified_gmt":"2024-08-14T11:20:49","slug":"under-armour-rival-fleece-logo-hoodie-svart","status":"publish","type":"product","link":"https:\/\/uatlet.se\/?product=under-armour-rival-fleece-logo-hoodie-svart","title":{"rendered":"Under Armour Rival Fleece Logo Hoodie Svart"},"content":{"rendered":"<h2>Inspiration!<\/h2>\n<p>En klassisk Under Armour Hoodie med UA loggan tydlig p\u00e5 framsidan. Materialet \u00e4r h\u00e5llbar bomullsblandad fleece med en mjuk borstad insida. Den nya streamlinade passformen ger den en sportig look &amp; feel. Den h\u00e4r hoodien \u00e4r en av v\u00e5ra popul\u00e4raste \u2013 och det finns en bra anledning till det!<\/p>\n<h2>Information!<\/h2>\n<ul>\n<li>Passform: Loose<\/li>\n<li>H\u00e5llbar bomullsblandad fleece<\/li>\n<li>Mjuk, borstad insida som h\u00e5ller v\u00e4rmen<\/li>\n<li>Mesh i luva som andas<\/li>\n<li>K\u00e4ngruficka<\/li>\n<li>Ny streamlinad passform med sportig look &amp; feel<\/li>\n<li>80% Bomull\/20% Polyester<\/li>\n<li>Vikt: 280g<\/li>\n<li>Svart<\/li>\n<\/ul>\n<p><em>Finns ocks\u00e5 i <a href=\"\/?p=2663\">st\u00e5lgr\u00e5<\/a><\/em><\/p>\n","protected":false},"excerpt":{"rendered":"<p>En klassisk Under Armour Hoodie med UA loggan tydlig p\u00e5 framsidan. En av v\u00e5ra stors\u00e4ljare \u2013 och det finns en bra anledning till det!<\/p>\n","protected":false},"featured_media":488,"template":"","meta":[],"product_cat":[54,64],"product_tag":[51],"class_list":{"0":"post-464","1":"product","2":"type-product","3":"status-publish","4":"has-post-thumbnail","6":"product_cat-langarmat","7":"product_cat-hoodies","8":"product_tag-man","9":"product_shipping_class-fri-frakt","11":"first","12":"instock","13":"sale","14":"taxable","15":"shipping-taxable","16":"purchasable","17":"product-type-variable","18":"rtwpvs-product"},"_links":{"self":[{"href":"https:\/\/uatlet.se\/index.php?rest_route=\/wp\/v2\/product\/464","targetHints":{"allow":["GET"]}}],"collection":[{"href":"https:\/\/uatlet.se\/index.php?rest_route=\/wp\/v2\/product"}],"about":[{"href":"https:\/\/uatlet.se\/index.php?rest_route=\/wp\/v2\/types\/product"}],"wp:featuredmedia":[{"embeddable":true,"href":"https:\/\/uatlet.se\/index.php?rest_route=\/wp\/v2\/media\/488"}],"wp:attachment":[{"href":"https:\/\/uatlet.se\/index.php?rest_route=%2Fwp%2Fv2%2Fmedia&parent=464"}],"wp:term":[{"taxonomy":"product_cat","embeddable":true,"href":"https:\/\/uatlet.se\/index.php?rest_route=%2Fwp%2Fv2%2Fproduct_cat&post=464"},{"taxonomy":"product_tag","embeddable":true,"href":"https:\/\/uatlet.se\/index.php?rest_route=%2Fwp%2Fv2%2Fproduct_tag&post=464"}],"curies":[{"name":"wp","href":"https:\/\/api.w.org\/{rel}","templated":true}]}}