{"id":472,"date":"2023-01-06T17:46:12","date_gmt":"2023-01-06T16:46:12","guid":{"rendered":"http:\/\/localhost\/?post_type=product&#038;p=472"},"modified":"2024-01-03T22:49:00","modified_gmt":"2024-01-03T21:49:00","slug":"under-armour-sc30-ultra-performance-tank","status":"publish","type":"product","link":"https:\/\/uatlet.se\/?product=under-armour-sc30-ultra-performance-tank","title":{"rendered":"Under Armour SC30 Ultra Performance Tank"},"content":{"rendered":"<h2>Inspiration!<\/h2>\n<p>En extremt mjuk och l\u00e4tt linne fr\u00e5n Steph Currys SC30 kollektion fr\u00e5n Under Armour. Designad och tillverkad med alla krav som kommer n\u00e4r Curry s\u00e4tter sitt namn p\u00e5 den. Oavsett hur h\u00e5rd tr\u00e4ningen \u00e4r &#8211; den kommer inte klibba fast sig p\u00e5 kroppen och vara obekv\u00e4m och om den blir lite v\u00e5t &#8211; och det borde den bli om du k\u00f6r s\u00e5 h\u00e5rt som du borde &#8211; s\u00e5 kommer den torka fort.<\/p>\n<p>Om planetens b\u00e4sta skytt gillar den, s\u00e5 g\u00f6r vi det ocks\u00e5!<\/p>\n<h2>Information!<\/h2>\n<ul>\n<li>HeatGear\u00ae material som \u00e4r ultra-mjuk och smidig f\u00f6r superbra komfort och v\u00e4ger v\u00e4ldigt lite<\/li>\n<li>UA Microthread teknologi i materialet som torkare fortare, klibbar inte fast p\u00e5 kroppen och skaver inte<\/li>\n<li>4-v\u00e4gs stretch som r\u00f6r sig b\u00e4ttre i alla riktningar<\/li>\n<li>Fuktavvisande material som torkar fort<\/li>\n<li>100% Polyester<\/li>\n<li>Svart<\/li>\n<\/ul>\n","protected":false},"excerpt":{"rendered":"<p>Mjukt ch bekv\u00e4mt Linne fr\u00e5n Steph Currys SC30 kollektion i samarbete med Under Armour.<\/p>\n","protected":false},"featured_media":492,"template":"","meta":[],"product_cat":[52,58],"product_tag":[51,65],"class_list":{"0":"post-472","1":"product","2":"type-product","3":"status-publish","4":"has-post-thumbnail","6":"product_cat-kortarmat","7":"product_cat-tank-tops","8":"product_tag-man","9":"product_tag-sc30","10":"product_shipping_class-fri-frakt","12":"first","13":"instock","14":"sale","15":"featured","16":"taxable","17":"shipping-taxable","18":"purchasable","19":"product-type-variable","20":"rtwpvs-product"},"_links":{"self":[{"href":"https:\/\/uatlet.se\/index.php?rest_route=\/wp\/v2\/product\/472","targetHints":{"allow":["GET"]}}],"collection":[{"href":"https:\/\/uatlet.se\/index.php?rest_route=\/wp\/v2\/product"}],"about":[{"href":"https:\/\/uatlet.se\/index.php?rest_route=\/wp\/v2\/types\/product"}],"wp:featuredmedia":[{"embeddable":true,"href":"https:\/\/uatlet.se\/index.php?rest_route=\/wp\/v2\/media\/492"}],"wp:attachment":[{"href":"https:\/\/uatlet.se\/index.php?rest_route=%2Fwp%2Fv2%2Fmedia&parent=472"}],"wp:term":[{"taxonomy":"product_cat","embeddable":true,"href":"https:\/\/uatlet.se\/index.php?rest_route=%2Fwp%2Fv2%2Fproduct_cat&post=472"},{"taxonomy":"product_tag","embeddable":true,"href":"https:\/\/uatlet.se\/index.php?rest_route=%2Fwp%2Fv2%2Fproduct_tag&post=472"}],"curies":[{"name":"wp","href":"https:\/\/api.w.org\/{rel}","templated":true}]}}