{"id":476,"date":"2023-01-06T17:46:12","date_gmt":"2023-01-06T16:46:12","guid":{"rendered":"http:\/\/localhost\/?post_type=product&#038;p=476"},"modified":"2024-01-03T22:44:54","modified_gmt":"2024-01-03T21:44:54","slug":"under-armour-sc30-icdat-t-shirt-svart","status":"publish","type":"product","link":"https:\/\/uatlet.se\/?product=under-armour-sc30-icdat-t-shirt-svart","title":{"rendered":"Under Armour SC30 ICDAT T-Shirt Svart"},"content":{"rendered":"<h2>Inspiration!<\/h2>\n<p>I Can Do All Things!\u00a0 &#8211;<em>Steph curry<\/em><\/p>\n<p>Det kan han. Och det kan du ocks\u00e5!<\/p>\n<p>En v\u00e4ldigt mjuk och inspirerande T-Shirt fr\u00e5n Steph Currys, SC30 kollektion fr\u00e5n Under Armour. Supermjuk med ribbad krage. Och ett statement som ger dig motivation hela dagen!<\/p>\n<p>Om planetens b\u00e4sta skytt gillar den, s\u00e5 g\u00f6r vi det ocks\u00e5!<\/p>\n<h2>Information!<\/h2>\n<ul>\n<li>Supermjuk, bomullsblandat material<\/li>\n<li>Fuktavvisande material som torkar fort<\/li>\n<li>Ribbad krage<\/li>\n<li>Figursydd<\/li>\n<li>60% Bomull\/40% Polyester<\/li>\n<li>Svart<\/li>\n<\/ul>\n<p><em>Finns ocks\u00e5 i <a href=\"\/?p=2807\">vit<\/a>.<\/em><\/p>\n","protected":false},"excerpt":{"rendered":"<p>Mjuk T-Shirt fr\u00e5n SC30 kollektionen med ett inspirerande statement fr\u00e5n planetens b\u00e4sta skytt &#8211; Steph Curry<\/p>\n","protected":false},"featured_media":494,"template":"","meta":[],"product_cat":[52],"product_tag":[51,65],"class_list":{"0":"post-476","1":"product","2":"type-product","3":"status-publish","4":"has-post-thumbnail","6":"product_cat-kortarmat","7":"product_tag-man","8":"product_tag-sc30","9":"product_shipping_class-fri-frakt","11":"first","12":"instock","13":"sale","14":"featured","15":"taxable","16":"shipping-taxable","17":"purchasable","18":"product-type-variable","19":"rtwpvs-product"},"_links":{"self":[{"href":"https:\/\/uatlet.se\/index.php?rest_route=\/wp\/v2\/product\/476","targetHints":{"allow":["GET"]}}],"collection":[{"href":"https:\/\/uatlet.se\/index.php?rest_route=\/wp\/v2\/product"}],"about":[{"href":"https:\/\/uatlet.se\/index.php?rest_route=\/wp\/v2\/types\/product"}],"wp:featuredmedia":[{"embeddable":true,"href":"https:\/\/uatlet.se\/index.php?rest_route=\/wp\/v2\/media\/494"}],"wp:attachment":[{"href":"https:\/\/uatlet.se\/index.php?rest_route=%2Fwp%2Fv2%2Fmedia&parent=476"}],"wp:term":[{"taxonomy":"product_cat","embeddable":true,"href":"https:\/\/uatlet.se\/index.php?rest_route=%2Fwp%2Fv2%2Fproduct_cat&post=476"},{"taxonomy":"product_tag","embeddable":true,"href":"https:\/\/uatlet.se\/index.php?rest_route=%2Fwp%2Fv2%2Fproduct_tag&post=476"}],"curies":[{"name":"wp","href":"https:\/\/api.w.org\/{rel}","templated":true}]}}