{"id":498,"date":"2023-01-06T17:46:26","date_gmt":"2023-01-06T16:46:26","guid":{"rendered":"http:\/\/localhost\/?post_type=product&#038;p=498"},"modified":"2024-01-03T22:42:19","modified_gmt":"2024-01-03T21:42:19","slug":"under-armour-sc30-box-logo-t-shirt-bla","status":"publish","type":"product","link":"https:\/\/uatlet.se\/?product=under-armour-sc30-box-logo-t-shirt-bla","title":{"rendered":"Under Armour SC30 Box Logo T-Shirt Bl\u00e5"},"content":{"rendered":"<h2>Inspiration!<\/h2>\n<p>Enkel och diskret. Stylish och respektfull. Under Armours SC Box Logo T-shirt hedrar v\u00e4rldens b\u00e4sta skytt n\u00e5gonsin.\u00a0 Utan att vara vulg\u00e4r med det &#8211; om du kan din basket s\u00e5 k\u00e4nner du till SC. Om inte, s\u00e5 \u00e4r det din f\u00f6rlust.<\/p>\n<h2>Information!<\/h2>\n<ul>\n<li>Supermjuk bomullsblandat material som \u00e4r sk\u00f6n och bekv\u00e4m<\/li>\n<li>Fuktavvisande material som torkar fort<\/li>\n<li>Ribbad krage<\/li>\n<li>60% Bomull \/ 40% Polyester<\/li>\n<li>F\u00e4rg: Bl\u00e5<\/li>\n<\/ul>\n<p><em>Finns \u00e4ven som <a href=\"\/?p=3221\">svart<\/a>.<\/em><\/p>\n","protected":false},"excerpt":{"rendered":"<p>Bekv\u00e4m T-Shirt med SC loggan i en box. Fr\u00e5n Steph Currys kollektion &#8211; historiens b\u00e4sta skytt.<\/p>\n","protected":false},"featured_media":529,"template":"","meta":[],"product_cat":[52],"product_tag":[51,65],"class_list":{"0":"post-498","1":"product","2":"type-product","3":"status-publish","4":"has-post-thumbnail","6":"product_cat-kortarmat","7":"product_tag-man","8":"product_tag-sc30","9":"product_shipping_class-fri-frakt","11":"first","12":"instock","13":"sale","14":"featured","15":"taxable","16":"shipping-taxable","17":"purchasable","18":"product-type-variable","19":"rtwpvs-product"},"_links":{"self":[{"href":"https:\/\/uatlet.se\/index.php?rest_route=\/wp\/v2\/product\/498","targetHints":{"allow":["GET"]}}],"collection":[{"href":"https:\/\/uatlet.se\/index.php?rest_route=\/wp\/v2\/product"}],"about":[{"href":"https:\/\/uatlet.se\/index.php?rest_route=\/wp\/v2\/types\/product"}],"wp:featuredmedia":[{"embeddable":true,"href":"https:\/\/uatlet.se\/index.php?rest_route=\/wp\/v2\/media\/529"}],"wp:attachment":[{"href":"https:\/\/uatlet.se\/index.php?rest_route=%2Fwp%2Fv2%2Fmedia&parent=498"}],"wp:term":[{"taxonomy":"product_cat","embeddable":true,"href":"https:\/\/uatlet.se\/index.php?rest_route=%2Fwp%2Fv2%2Fproduct_cat&post=498"},{"taxonomy":"product_tag","embeddable":true,"href":"https:\/\/uatlet.se\/index.php?rest_route=%2Fwp%2Fv2%2Fproduct_tag&post=498"}],"curies":[{"name":"wp","href":"https:\/\/api.w.org\/{rel}","templated":true}]}}