{"id":503,"date":"2023-01-06T17:46:27","date_gmt":"2023-01-06T16:46:27","guid":{"rendered":"http:\/\/localhost\/?post_type=product&#038;p=503"},"modified":"2024-01-03T22:47:23","modified_gmt":"2024-01-03T21:47:23","slug":"under-armour-sc30-ultra-performance-shorts","status":"publish","type":"product","link":"https:\/\/uatlet.se\/?product=under-armour-sc30-ultra-performance-shorts","title":{"rendered":"Under Armour SC30 Ultra Performance Shorts"},"content":{"rendered":"<h2>Inspiration!<\/h2>\n<p>Fr\u00e5n Under Armours SC30 kollektion kommer dom h\u00e4r Performance Shorts som \u00e4r ett perfekt val f\u00f6r en h\u00e5rd tr\u00e4ning. Tillverkade av ett t\u00e5ligt, h\u00e5llbart material som fortfarande andas bra och h\u00e5ller sig torra\u00a0 och bekv\u00e4ma. Vi f\u00f6rv\u00e4ntar oss heller ingenting mindre \u00e4n extraordin\u00e4rt fr\u00e5n v\u00e4rldens b\u00e4sta skytt genom tiderna!<\/p>\n<h2>Information!<\/h2>\n<ul>\n<li>H\u00e5llbart material som andas bra<\/li>\n<li>Fuktavvisande ocj torkar fort<\/li>\n<li>Insydd elastiskt midjeband med dragsko<\/li>\n<li>\u00d6ppna fickor<\/li>\n<li>Baksidan n\u00e5got kortare \u00e4n framsida<\/li>\n<li>Inners\u00f6m: 23 cm<\/li>\n<li>Ingen liner<\/li>\n<li>100% Polyester<\/li>\n<li>F\u00e4rg: Svart<\/li>\n<\/ul>\n","protected":false},"excerpt":{"rendered":"<p>Shorts from Under Armours SC30 kollektion. Godk\u00e4nda av Steph Curry.<\/p>\n","protected":false},"featured_media":531,"template":"","meta":[],"product_cat":[56],"product_tag":[51,65],"class_list":{"0":"post-503","1":"product","2":"type-product","3":"status-publish","4":"has-post-thumbnail","6":"product_cat-shorts","7":"product_tag-man","8":"product_tag-sc30","9":"product_shipping_class-fri-frakt","11":"first","12":"instock","13":"sale","14":"featured","15":"taxable","16":"shipping-taxable","17":"purchasable","18":"product-type-variable","19":"rtwpvs-product"},"_links":{"self":[{"href":"https:\/\/uatlet.se\/index.php?rest_route=\/wp\/v2\/product\/503","targetHints":{"allow":["GET"]}}],"collection":[{"href":"https:\/\/uatlet.se\/index.php?rest_route=\/wp\/v2\/product"}],"about":[{"href":"https:\/\/uatlet.se\/index.php?rest_route=\/wp\/v2\/types\/product"}],"wp:featuredmedia":[{"embeddable":true,"href":"https:\/\/uatlet.se\/index.php?rest_route=\/wp\/v2\/media\/531"}],"wp:attachment":[{"href":"https:\/\/uatlet.se\/index.php?rest_route=%2Fwp%2Fv2%2Fmedia&parent=503"}],"wp:term":[{"taxonomy":"product_cat","embeddable":true,"href":"https:\/\/uatlet.se\/index.php?rest_route=%2Fwp%2Fv2%2Fproduct_cat&post=503"},{"taxonomy":"product_tag","embeddable":true,"href":"https:\/\/uatlet.se\/index.php?rest_route=%2Fwp%2Fv2%2Fproduct_tag&post=503"}],"curies":[{"name":"wp","href":"https:\/\/api.w.org\/{rel}","templated":true}]}}