{"id":519,"date":"2023-01-06T17:46:29","date_gmt":"2023-01-06T16:46:29","guid":{"rendered":"http:\/\/localhost\/?post_type=product&#038;p=519"},"modified":"2024-01-03T23:13:02","modified_gmt":"2024-01-03T22:13:02","slug":"under-armour-tech-t-shirt-graphic-ljusgra","status":"publish","type":"product","link":"https:\/\/uatlet.se\/?product=under-armour-tech-t-shirt-graphic-ljusgra","title":{"rendered":"Under Armour Tech\u2122 T-Shirt Graphic Ljusgr\u00e5"},"content":{"rendered":"<h2>Inspiration!<\/h2>\n<p>Mjuk och sk\u00f6n kort\u00e4rmad T-Shirt fr\u00e5n Under Armour med en statement making rosa UA logga p\u00e5 framsidan. Allt med en snygg och feminin k\u00e4nsla. Materialet \u00e4r Under Armours varum\u00e4rkesskyddade Tech-material som \u00e4r fuktavvisande och h\u00e5ller dig torr och sk\u00f6n.<\/p>\n<h2>Information!<\/h2>\n<ul>\n<li>Supermjukt Under Armour Tech\u2122 material med en naturlig k\u00e4nsla<\/li>\n<li>Fuktavvisande material som torkar fort<\/li>\n<li>100% Polyester<\/li>\n<li>F\u00e4rg: Ljusgr\u00e5<\/li>\n<\/ul>\n<p>Finns ocks\u00e5 som <a href=\"\/?p=2946\">m\u00f6rkgr\u00e5<\/a>.<\/p>\n","protected":false},"excerpt":{"rendered":"<p>Supermjuk, feminin och bekv\u00e4m ljusgr\u00e5 T-Shirt med en UA logga p\u00e5 framsidan. Finns ocks\u00e5 som m\u00f6rkgr\u00e5.<\/p>\n","protected":false},"featured_media":539,"template":"","meta":[],"product_cat":[52],"product_tag":[53],"class_list":{"0":"post-519","1":"product","2":"type-product","3":"status-publish","4":"has-post-thumbnail","6":"product_cat-kortarmat","7":"product_tag-kvinnor","8":"product_shipping_class-fri-frakt","10":"first","11":"instock","12":"sale","13":"taxable","14":"shipping-taxable","15":"purchasable","16":"product-type-variable","17":"rtwpvs-product"},"_links":{"self":[{"href":"https:\/\/uatlet.se\/index.php?rest_route=\/wp\/v2\/product\/519","targetHints":{"allow":["GET"]}}],"collection":[{"href":"https:\/\/uatlet.se\/index.php?rest_route=\/wp\/v2\/product"}],"about":[{"href":"https:\/\/uatlet.se\/index.php?rest_route=\/wp\/v2\/types\/product"}],"wp:featuredmedia":[{"embeddable":true,"href":"https:\/\/uatlet.se\/index.php?rest_route=\/wp\/v2\/media\/539"}],"wp:attachment":[{"href":"https:\/\/uatlet.se\/index.php?rest_route=%2Fwp%2Fv2%2Fmedia&parent=519"}],"wp:term":[{"taxonomy":"product_cat","embeddable":true,"href":"https:\/\/uatlet.se\/index.php?rest_route=%2Fwp%2Fv2%2Fproduct_cat&post=519"},{"taxonomy":"product_tag","embeddable":true,"href":"https:\/\/uatlet.se\/index.php?rest_route=%2Fwp%2Fv2%2Fproduct_tag&post=519"}],"curies":[{"name":"wp","href":"https:\/\/api.w.org\/{rel}","templated":true}]}}