{"id":553,"date":"2023-01-06T17:46:44","date_gmt":"2023-01-06T16:46:44","guid":{"rendered":"http:\/\/localhost\/?post_type=product&#038;p=553"},"modified":"2024-01-03T22:50:28","modified_gmt":"2024-01-03T21:50:28","slug":"under-armour-sportstyle-logo-langarmad-t-shirt","status":"publish","type":"product","link":"https:\/\/uatlet.se\/?product=under-armour-sportstyle-logo-langarmad-t-shirt","title":{"rendered":"Under Armour Sportstyle Logo L\u00e5ng\u00e4rmad T-Shirt"},"content":{"rendered":"<h2>Inspiration!<\/h2>\n<p>Mjuk och bekv\u00e4m l\u00e5ng\u00e4rmad T-shirt med traditionella UA loggan tryckt p\u00e5 br\u00f6stet.<\/p>\n<h2>Information!<\/h2>\n<ul>\n<li>Supermjukt bomullsblandat material<\/li>\n<li>Ribbad krage<\/li>\n<li>60% Bomull \/ 40% Polyester<\/li>\n<\/ul>\n","protected":false},"excerpt":{"rendered":"<p>L\u00e5ng\u00e4rmad T-shirt med UA loggan tryckt p\u00e5 br\u00f6stet.<\/p>\n<h2><\/h2>\n","protected":false},"featured_media":581,"template":"","meta":[],"product_cat":[54],"product_tag":[51],"class_list":{"0":"post-553","1":"product","2":"type-product","3":"status-publish","4":"has-post-thumbnail","6":"product_cat-langarmat","7":"product_tag-man","8":"product_shipping_class-fri-frakt","10":"first","11":"instock","12":"sale","13":"taxable","14":"shipping-taxable","15":"purchasable","16":"product-type-variable","17":"rtwpvs-product"},"_links":{"self":[{"href":"https:\/\/uatlet.se\/index.php?rest_route=\/wp\/v2\/product\/553","targetHints":{"allow":["GET"]}}],"collection":[{"href":"https:\/\/uatlet.se\/index.php?rest_route=\/wp\/v2\/product"}],"about":[{"href":"https:\/\/uatlet.se\/index.php?rest_route=\/wp\/v2\/types\/product"}],"wp:featuredmedia":[{"embeddable":true,"href":"https:\/\/uatlet.se\/index.php?rest_route=\/wp\/v2\/media\/581"}],"wp:attachment":[{"href":"https:\/\/uatlet.se\/index.php?rest_route=%2Fwp%2Fv2%2Fmedia&parent=553"}],"wp:term":[{"taxonomy":"product_cat","embeddable":true,"href":"https:\/\/uatlet.se\/index.php?rest_route=%2Fwp%2Fv2%2Fproduct_cat&post=553"},{"taxonomy":"product_tag","embeddable":true,"href":"https:\/\/uatlet.se\/index.php?rest_route=%2Fwp%2Fv2%2Fproduct_tag&post=553"}],"curies":[{"name":"wp","href":"https:\/\/api.w.org\/{rel}","templated":true}]}}