{"id":566,"date":"2023-01-06T17:46:46","date_gmt":"2023-01-06T16:46:46","guid":{"rendered":"http:\/\/localhost\/?post_type=product&#038;p=566"},"modified":"2024-01-03T16:44:41","modified_gmt":"2024-01-03T15:44:41","slug":"under-armour-graphic-big-logo-classic-crew-orange","status":"publish","type":"product","link":"https:\/\/uatlet.se\/?product=under-armour-graphic-big-logo-classic-crew-orange","title":{"rendered":"Under Armour Graphic Big Logo Classic Crew Orange"},"content":{"rendered":"<h2>Inspiration!<\/h2>\n<p>En klassisk orange crew Under Armour T-Shirt med stor UA loggan p\u00e5 framsidan. Den har stretchkonstruktion som arbetar i 4 riktningar och d\u00e4rf\u00f6r r\u00f6r sig b\u00e4ttre och f\u00f6ljsammare och ger en bekv\u00e4m k\u00e4nsla. Materialet \u00e4r en bomullsblandning som kallas Charged Cotton och k\u00e4nns som bomull, men torkar mycket snabbare.<\/p>\n<h2>Information!<\/h2>\n<ul>\n<li>Charged Cotton\u00ae med samma komfort som bomull, men torkar snabbare<\/li>\n<li>4-v\u00e4gs stretch som r\u00f6r sig b\u00e4ttre i alla riktningar<\/li>\n<li>60% Bomull \/ 40% Polyester<\/li>\n<li>F\u00e4rg: Orange<\/li>\n<\/ul>\n<p>Finns ocks\u00e5 i <a href=\"\/?p=3074\">svart<\/a>, <a href=\"\/?p=3239\">rosa<\/a> och <a href=\"\/?p=3078\">lila<\/a>.<\/p>\n","protected":false},"excerpt":{"rendered":"<p>En klassisk Under Armour T-Shirt med stor UA logga p\u00e5 framsidan. Finns ocks\u00e5 i svart, rosa och lila.<\/p>\n","protected":false},"featured_media":661,"template":"","meta":[],"product_cat":[52],"product_tag":[53],"class_list":{"0":"post-566","1":"product","2":"type-product","3":"status-publish","4":"has-post-thumbnail","6":"product_cat-kortarmat","7":"product_tag-kvinnor","8":"product_shipping_class-fri-frakt","10":"first","11":"instock","12":"sale","13":"taxable","14":"shipping-taxable","15":"purchasable","16":"product-type-variable","17":"rtwpvs-product"},"_links":{"self":[{"href":"https:\/\/uatlet.se\/index.php?rest_route=\/wp\/v2\/product\/566","targetHints":{"allow":["GET"]}}],"collection":[{"href":"https:\/\/uatlet.se\/index.php?rest_route=\/wp\/v2\/product"}],"about":[{"href":"https:\/\/uatlet.se\/index.php?rest_route=\/wp\/v2\/types\/product"}],"wp:featuredmedia":[{"embeddable":true,"href":"https:\/\/uatlet.se\/index.php?rest_route=\/wp\/v2\/media\/661"}],"wp:attachment":[{"href":"https:\/\/uatlet.se\/index.php?rest_route=%2Fwp%2Fv2%2Fmedia&parent=566"}],"wp:term":[{"taxonomy":"product_cat","embeddable":true,"href":"https:\/\/uatlet.se\/index.php?rest_route=%2Fwp%2Fv2%2Fproduct_cat&post=566"},{"taxonomy":"product_tag","embeddable":true,"href":"https:\/\/uatlet.se\/index.php?rest_route=%2Fwp%2Fv2%2Fproduct_tag&post=566"}],"curies":[{"name":"wp","href":"https:\/\/api.w.org\/{rel}","templated":true}]}}