{"id":575,"date":"2023-01-06T17:46:47","date_gmt":"2023-01-06T16:46:47","guid":{"rendered":"http:\/\/localhost\/?post_type=product&#038;p=575"},"modified":"2024-01-03T23:07:46","modified_gmt":"2024-01-03T22:07:46","slug":"under-armour-tech-%c2%bd-zip-langarmad-funktionstroja-svart","status":"publish","type":"product","link":"https:\/\/uatlet.se\/?product=under-armour-tech-%c2%bd-zip-langarmad-funktionstroja-svart","title":{"rendered":"Under Armour Tech\u2122 \u00bd Zip L\u00e5ng\u00e4rmad funktionstr\u00f6ja Svart"},"content":{"rendered":"<h2>Inspiration!<\/h2>\n<p>Under Armours Tech 1\/2 Zip funktionstr\u00f6ja har blivit uppdaterad med en ny mer str\u00f6mlinjeformad passform och b\u00e4ttre s\u00f6mmar. Den har genomg\u00e5ende designats f\u00f6r att vara bekv\u00e4m med en loose passform kombinerat med det supermjuka patenterade UA Tech materialet.<\/p>\n<h2>Information!<\/h2>\n<ul>\n<li>UA Tech\u2122 materialet torkar fort, \u00e4r supermjukt och \u00e4r naturligt sk\u00f6nt<\/li>\n<li>Fuktavvisande och torkar fort<\/li>\n<li data-reactid=\".1es2blzijp2.1.0.1.1.0.1:$bullet-2\"><span data-reactid=\".1es2blzijp2.1.0.1.1.0.1:$bullet-2.0\">Anti-bakteriell teknologi som h\u00e5ller din tr\u00f6ja fr\u00e4sch l\u00e4ngre<\/span><\/li>\n<li>Gener\u00f6s \u00bd zip underl\u00e4ttar lager p\u00e5 lager<\/li>\n<li>100% Polyester<\/li>\n<li>F\u00e4rg: Svart<\/li>\n<\/ul>\n<p>Finns ocks\u00e5 i <a href=\"\/?p=3122\">gr\u00e5<\/a> och <a href=\"\/?p=3126\">liusbl\u00e5<\/a><\/p>\n","protected":false},"excerpt":{"rendered":"<p>En supermjuk, bekv\u00e4m funktionstr\u00f6ja i Under Armours patenterade Tech material. Finns ocks\u00e5 i gr\u00e5 och ljusbl\u00e5.<\/p>\n","protected":false},"featured_media":591,"template":"","meta":[],"product_cat":[54],"product_tag":[51],"class_list":{"0":"post-575","1":"product","2":"type-product","3":"status-publish","4":"has-post-thumbnail","6":"product_cat-langarmat","7":"product_tag-man","8":"product_shipping_class-fri-frakt","10":"first","11":"instock","12":"sale","13":"taxable","14":"shipping-taxable","15":"purchasable","16":"product-type-variable","17":"rtwpvs-product"},"_links":{"self":[{"href":"https:\/\/uatlet.se\/index.php?rest_route=\/wp\/v2\/product\/575","targetHints":{"allow":["GET"]}}],"collection":[{"href":"https:\/\/uatlet.se\/index.php?rest_route=\/wp\/v2\/product"}],"about":[{"href":"https:\/\/uatlet.se\/index.php?rest_route=\/wp\/v2\/types\/product"}],"wp:featuredmedia":[{"embeddable":true,"href":"https:\/\/uatlet.se\/index.php?rest_route=\/wp\/v2\/media\/591"}],"wp:attachment":[{"href":"https:\/\/uatlet.se\/index.php?rest_route=%2Fwp%2Fv2%2Fmedia&parent=575"}],"wp:term":[{"taxonomy":"product_cat","embeddable":true,"href":"https:\/\/uatlet.se\/index.php?rest_route=%2Fwp%2Fv2%2Fproduct_cat&post=575"},{"taxonomy":"product_tag","embeddable":true,"href":"https:\/\/uatlet.se\/index.php?rest_route=%2Fwp%2Fv2%2Fproduct_tag&post=575"}],"curies":[{"name":"wp","href":"https:\/\/api.w.org\/{rel}","templated":true}]}}