{"id":643,"date":"2023-01-06T17:47:26","date_gmt":"2023-01-06T16:47:26","guid":{"rendered":"http:\/\/localhost\/?post_type=product&#038;p=643"},"modified":"2024-01-03T22:20:44","modified_gmt":"2024-01-03T21:20:44","slug":"under-armour-linne-select-tank-rod","status":"publish","type":"product","link":"https:\/\/uatlet.se\/?product=under-armour-linne-select-tank-rod","title":{"rendered":"Under Armour Linne Select Tank R\u00f6d"},"content":{"rendered":"<h2>Inspiration!<\/h2>\n<p>Select Tank linnet \u00e4r framtaget f\u00f6r den d\u00e4r extra h\u00e5rda tr\u00e4ningen. Absorberar\u00a0 inte svett, h\u00e5ller dig torr, r\u00f6r sig bra i alla riktningar och kommer med gener\u00f6st tilltagna \u00e4rmh\u00e5l\u00a0 som ger dig den d\u00e4r extra r\u00f6rligheten som beh\u00f6v n\u00e4r man spelar Basket.<\/p>\n<h2>Information!<\/h2>\n<ul>\n<li>Under Armours HeatGear\u00ae material som \u00e4r supermjukt och smidigt och v\u00e4ger lite<\/li>\n<li>UA mikrofiber-teknologi i materialet som torkar snabbare och klibbar inte fast<\/li>\n<li>4-v\u00e4gs stretch som r\u00f6r sig bra i alla riktningar<\/li>\n<li>Fuktavvisande material som torkar fort<\/li>\n<li>Gener\u00f6st tilltagna \u00e4rmh\u00e5l f\u00f6r b\u00e4ttre r\u00f6rlighet<\/li>\n<li>Reflekterande logo och m\u00f6nster<\/li>\n<li>L\u00e4ngre baksida som t\u00e4cker b\u00e4ttre<\/li>\n<li>100% Polyester<\/li>\n<li>F\u00e4rg: R\u00f6d<\/li>\n<\/ul>\n<p><em>Finns ocks\u00e5 i <a href=\"\/?p=2951\">svart<\/a>.<\/em><\/p>\n","protected":false},"excerpt":{"rendered":"<p>F\u00f6r den d\u00e4r extra h\u00e5rda tr\u00e4ningen med gener\u00f6sa \u00e4rmh\u00e5l som ger dig r\u00f6rligheten du beh\u00f6ver n\u00e4r du spelar Basket.<\/p>\n","protected":false},"featured_media":665,"template":"","meta":[],"product_cat":[52,58],"product_tag":[51],"class_list":{"0":"post-643","1":"product","2":"type-product","3":"status-publish","4":"has-post-thumbnail","6":"product_cat-kortarmat","7":"product_cat-tank-tops","8":"product_tag-man","9":"product_shipping_class-fri-frakt","11":"first","12":"instock","13":"sale","14":"taxable","15":"shipping-taxable","16":"purchasable","17":"product-type-variable","18":"rtwpvs-product"},"_links":{"self":[{"href":"https:\/\/uatlet.se\/index.php?rest_route=\/wp\/v2\/product\/643","targetHints":{"allow":["GET"]}}],"collection":[{"href":"https:\/\/uatlet.se\/index.php?rest_route=\/wp\/v2\/product"}],"about":[{"href":"https:\/\/uatlet.se\/index.php?rest_route=\/wp\/v2\/types\/product"}],"wp:featuredmedia":[{"embeddable":true,"href":"https:\/\/uatlet.se\/index.php?rest_route=\/wp\/v2\/media\/665"}],"wp:attachment":[{"href":"https:\/\/uatlet.se\/index.php?rest_route=%2Fwp%2Fv2%2Fmedia&parent=643"}],"wp:term":[{"taxonomy":"product_cat","embeddable":true,"href":"https:\/\/uatlet.se\/index.php?rest_route=%2Fwp%2Fv2%2Fproduct_cat&post=643"},{"taxonomy":"product_tag","embeddable":true,"href":"https:\/\/uatlet.se\/index.php?rest_route=%2Fwp%2Fv2%2Fproduct_tag&post=643"}],"curies":[{"name":"wp","href":"https:\/\/api.w.org\/{rel}","templated":true}]}}