{"id":657,"date":"2023-01-06T17:47:28","date_gmt":"2023-01-06T16:47:28","guid":{"rendered":"http:\/\/localhost\/?post_type=product&#038;p=657"},"modified":"2024-01-03T14:53:19","modified_gmt":"2024-01-03T13:53:19","slug":"basketskor-under-armour-anomaly-svart-gra","status":"publish","type":"product","link":"https:\/\/uatlet.se\/?product=basketskor-under-armour-anomaly-svart-gra","title":{"rendered":"Basketskor Under Armour Anomaly Svart\/Gr\u00e5"},"content":{"rendered":"<h2>Inspiration!<\/h2>\n<p>Det finns materialsporter. D\u00e4r prylarna du anv\u00e4nder avg\u00f6r hur bra du \u00e4r p\u00e5 det. Basket \u00e4r inte en av dem. F\u00f6rutom n\u00e4r det kommer till skor. Spelar man med en ineffektiv sko s\u00e5 blir man en ineffektiv spelare. Eller skadad. Eller b\u00e5da.<\/p>\n<h2>Information!<\/h2>\n<ul>\n<li>Speciellt framtagen syntetisk ovansida som ger l\u00e4tt vikt och bra st\u00f6d.<\/li>\n<li>Extra stoppning runt pl\u00f6s och anklar f\u00f6r b\u00e4ttre komfort.<\/li>\n<li>Full-l\u00e4ngds gjuten Micro G\u00ae innersula som formar sig efter foten.<\/li>\n<li>Micro G\u00ae mittensula som hj\u00e4lper till att omvandla landning till explosiva lyft.<\/li>\n<li>Halkm\u00f6nster p\u00e5 undersidan som hj\u00e4lper dig b\u00e5de starta och stanna snabbare.<\/li>\n<li>Vikt: 379 g<\/li>\n<li>F\u00e4rg: Svart\/Gr\u00e5<\/li>\n<\/ul>\n<p><em>Finns ocks\u00e5 i gr\u00e5.<\/em><\/p>\n","protected":false},"excerpt":{"rendered":"<p>En bekv\u00e4m sko som hj\u00e4lper dig med alla h\u00f6ga hopp, snabba v\u00e4ndningar, stopp, s\u00e4kra landningar och studsa upp igen utan att skada dig.<\/p>\n","protected":false},"featured_media":675,"template":"","meta":[],"product_cat":[63],"product_tag":[51],"class_list":{"0":"post-657","1":"product","2":"type-product","3":"status-publish","4":"has-post-thumbnail","6":"product_cat-basketskor","7":"product_tag-man","8":"product_shipping_class-fri-frakt","10":"first","11":"instock","12":"sale","13":"taxable","14":"shipping-taxable","15":"purchasable","16":"product-type-variable","17":"rtwpvs-product"},"_links":{"self":[{"href":"https:\/\/uatlet.se\/index.php?rest_route=\/wp\/v2\/product\/657","targetHints":{"allow":["GET"]}}],"collection":[{"href":"https:\/\/uatlet.se\/index.php?rest_route=\/wp\/v2\/product"}],"about":[{"href":"https:\/\/uatlet.se\/index.php?rest_route=\/wp\/v2\/types\/product"}],"wp:featuredmedia":[{"embeddable":true,"href":"https:\/\/uatlet.se\/index.php?rest_route=\/wp\/v2\/media\/675"}],"wp:attachment":[{"href":"https:\/\/uatlet.se\/index.php?rest_route=%2Fwp%2Fv2%2Fmedia&parent=657"}],"wp:term":[{"taxonomy":"product_cat","embeddable":true,"href":"https:\/\/uatlet.se\/index.php?rest_route=%2Fwp%2Fv2%2Fproduct_cat&post=657"},{"taxonomy":"product_tag","embeddable":true,"href":"https:\/\/uatlet.se\/index.php?rest_route=%2Fwp%2Fv2%2Fproduct_tag&post=657"}],"curies":[{"name":"wp","href":"https:\/\/api.w.org\/{rel}","templated":true}]}}