{"id":687,"date":"2023-01-06T17:47:42","date_gmt":"2023-01-06T16:47:42","guid":{"rendered":"http:\/\/localhost\/?post_type=product&#038;p=687"},"modified":"2024-01-03T22:28:37","modified_gmt":"2024-01-03T21:28:37","slug":"under-armour-mid-keyhole-sport-bh-vit","status":"publish","type":"product","link":"https:\/\/uatlet.se\/?product=under-armour-mid-keyhole-sport-bh-vit","title":{"rendered":"Under Armour\u00a0Mid Keyhole Sport BH Vit"},"content":{"rendered":"<h2>Inspiration!<\/h2>\n<p>Med den h\u00e4r Mid Kayhole sport BH:n fr\u00e5n Under Armour kan du helt fokusera p\u00e5 matchen eller tr\u00e4ningen. Den \u00e4r tillverkad av en mix av polyester och elastane som avvisar fukt och svett och torkar fort. Den har ett supermjukt HeatGear\u00ae material som ger en \u00f6verl\u00e4gsen next-to-skin k\u00e4nsla och ett ordentligt st\u00f6d. Passar b\u00e4st f\u00f6r A till C kupor.<\/p>\n<h2>Information!<\/h2>\n<ul>\n<li>B\u00e4st f\u00f6r A till C kupor<\/li>\n<li>Ger ett strategiskt st\u00f6d l\u00e4mpligt f\u00f6r aktiviteter med medium impact<\/li>\n<li>Klassisk pullover style med f\u00f6ljsam design\u00a0 och \u00f6ppning i ryggen f\u00f6r b\u00e4ttre ventilation<\/li>\n<li>Supermjukt elastiskt band som h\u00e5ller BH:n p\u00e5 plats<\/li>\n<li>Super-lent HeatGear\u00ae material som ger en \u00f6verl\u00e4gsen next-to-skin k\u00e4nsla<\/li>\n<li>Svettavvisande material som torkar fort<\/li>\n<li>4-v\u00e4gs strech som r\u00f6r sig bra i alla riktningar<\/li>\n<li>87% Polyester\/13% Elastane<\/li>\n<li>F\u00e4rg: Vit<\/li>\n<\/ul>\n<p><em>Finns ocks\u00e5 i <a href=\"\/?p=3474\">svart<\/a><\/em>.<\/p>\n","protected":false},"excerpt":{"rendered":"<p>Med den h\u00e4r Mid Keyhole sport BH:n fr\u00e5n Under Armour kan du helt fokusera p\u00e5 matchen eller tr\u00e4ningen.\u00a0 Den har ett supermjukt HeatGear\u00ae material som ger en \u00f6verl\u00e4gsen next-to-skin k\u00e4nsla och ett ordentligt st\u00f6d, avvisar fukt och svett och torkar fort.<\/p>\n","protected":false},"featured_media":716,"template":"","meta":[],"product_cat":[57],"product_tag":[53],"class_list":{"0":"post-687","1":"product","2":"type-product","3":"status-publish","4":"has-post-thumbnail","6":"product_cat-sport-bh","7":"product_tag-kvinnor","8":"product_shipping_class-fri-frakt","10":"first","11":"instock","12":"sale","13":"taxable","14":"shipping-taxable","15":"purchasable","16":"product-type-variable","17":"rtwpvs-product"},"_links":{"self":[{"href":"https:\/\/uatlet.se\/index.php?rest_route=\/wp\/v2\/product\/687","targetHints":{"allow":["GET"]}}],"collection":[{"href":"https:\/\/uatlet.se\/index.php?rest_route=\/wp\/v2\/product"}],"about":[{"href":"https:\/\/uatlet.se\/index.php?rest_route=\/wp\/v2\/types\/product"}],"wp:featuredmedia":[{"embeddable":true,"href":"https:\/\/uatlet.se\/index.php?rest_route=\/wp\/v2\/media\/716"}],"wp:attachment":[{"href":"https:\/\/uatlet.se\/index.php?rest_route=%2Fwp%2Fv2%2Fmedia&parent=687"}],"wp:term":[{"taxonomy":"product_cat","embeddable":true,"href":"https:\/\/uatlet.se\/index.php?rest_route=%2Fwp%2Fv2%2Fproduct_cat&post=687"},{"taxonomy":"product_tag","embeddable":true,"href":"https:\/\/uatlet.se\/index.php?rest_route=%2Fwp%2Fv2%2Fproduct_tag&post=687"}],"curies":[{"name":"wp","href":"https:\/\/api.w.org\/{rel}","templated":true}]}}