{"id":697,"date":"2023-01-06T17:47:44","date_gmt":"2023-01-06T16:47:44","guid":{"rendered":"http:\/\/localhost\/?post_type=product&#038;p=697"},"modified":"2024-01-03T15:46:39","modified_gmt":"2024-01-03T14:46:39","slug":"under-armour-baseline-fleece-joggers","status":"publish","type":"product","link":"https:\/\/uatlet.se\/?product=under-armour-baseline-fleece-joggers","title":{"rendered":"Under Armour Baseline Fleece Joggers"},"content":{"rendered":"<h2>Inspiration!<\/h2>\n<p>Klassisk, enkel men extremt bekv\u00e4m joggingbyxa med Under Armours logga snyggt tryckt p\u00e5 sidorna. V\u00e4ger n\u00e4stan ingenting och \u00e4r tillverkad av supermjuk bomullsblandad fleece med en borstad insida som h\u00e5ller dig varm.<\/p>\n<h2>Information!<\/h2>\n<ul>\n<li>280 g t\u00e5lig bomullsblandad fleece<\/li>\n<li>Mjuk, borstad insida som h\u00e5ller v\u00e4rmen<\/li>\n<li>Ribbad justerbar midja<\/li>\n<li>\u00d6ppna fickor<\/li>\n<li>Ribbade xxxx p\u00e5 benen<\/li>\n<li>Inners\u00f6m: 76 cm<\/li>\n<li>60% Bomull\/40% Polyester<\/li>\n<li>F\u00e4rg: Svart<\/li>\n<\/ul>\n","protected":false},"excerpt":{"rendered":"<p>Supermjuka, bekv\u00e4ma joggingbyxor att ha p\u00e5 sig p\u00e5 v\u00e4g till och fr\u00e5n tr\u00e4ningen.<\/p>\n","protected":false},"featured_media":727,"template":"","meta":[],"product_cat":[60],"product_tag":[51],"class_list":{"0":"post-697","1":"product","2":"type-product","3":"status-publish","4":"has-post-thumbnail","6":"product_cat-traningsbyxor","7":"product_tag-man","8":"product_shipping_class-fri-frakt","10":"first","11":"instock","12":"sale","13":"taxable","14":"shipping-taxable","15":"purchasable","16":"product-type-variable","17":"rtwpvs-product"},"_links":{"self":[{"href":"https:\/\/uatlet.se\/index.php?rest_route=\/wp\/v2\/product\/697","targetHints":{"allow":["GET"]}}],"collection":[{"href":"https:\/\/uatlet.se\/index.php?rest_route=\/wp\/v2\/product"}],"about":[{"href":"https:\/\/uatlet.se\/index.php?rest_route=\/wp\/v2\/types\/product"}],"wp:featuredmedia":[{"embeddable":true,"href":"https:\/\/uatlet.se\/index.php?rest_route=\/wp\/v2\/media\/727"}],"wp:attachment":[{"href":"https:\/\/uatlet.se\/index.php?rest_route=%2Fwp%2Fv2%2Fmedia&parent=697"}],"wp:term":[{"taxonomy":"product_cat","embeddable":true,"href":"https:\/\/uatlet.se\/index.php?rest_route=%2Fwp%2Fv2%2Fproduct_cat&post=697"},{"taxonomy":"product_tag","embeddable":true,"href":"https:\/\/uatlet.se\/index.php?rest_route=%2Fwp%2Fv2%2Fproduct_tag&post=697"}],"curies":[{"name":"wp","href":"https:\/\/api.w.org\/{rel}","templated":true}]}}