{"id":707,"date":"2023-01-06T17:47:45","date_gmt":"2023-01-06T16:47:45","guid":{"rendered":"http:\/\/localhost\/?post_type=product&#038;p=707"},"modified":"2024-01-03T22:36:46","modified_gmt":"2024-01-03T21:36:46","slug":"under-armour-rival-fleece-logo-hoodie-lila","status":"publish","type":"product","link":"https:\/\/uatlet.se\/?product=under-armour-rival-fleece-logo-hoodie-lila","title":{"rendered":"Under Armour Rival Fleece Logo Hoodie Lila"},"content":{"rendered":"<h2>Inspiration!<\/h2>\n<p>Hoodien! Om det finns n\u00e5got plagg som \u00e4r intimt f\u00f6rknippat med basket s\u00e5 \u00e4r det hoodien. Och den h\u00e4r Rival Fleece Hoodie fr\u00e5n Under Armour ger dig allt du beh\u00f6ver &#8211; attityd, v\u00e4rme och komfort.<\/p>\n<h2>Information!<\/h2>\n<ul>\n<li>Supermjuk, bomullsblandad fleece med borstad insida f\u00f6r extra v\u00e4rme<\/li>\n<li>4-v\u00e4gs stretch som r\u00f6r sig b\u00e4ttre i alla riktningar<\/li>\n<li>Gener\u00f6s tredelad luva med h\u00f6g hals som ger extra skydd<\/li>\n<li>Extended ribbed cuffs trap warmth &amp; keep sleeves secure<\/li>\n<li>57% Cotton\/38% Polyester\/5% Elastane<\/li>\n<li>F\u00e4rg: Lila<\/li>\n<\/ul>\n<p><em>Finns ocks\u00e5 som <a href=\"\/?p=3522\">svart<\/a>.<\/em><\/p>\n","protected":false},"excerpt":{"rendered":"<p>Rival Fleece Hoodie fr\u00e5n Under Armour som har allt du beh\u00f6ver &#8211; attityd, v\u00e4rme och komfort.<\/p>\n","protected":false},"featured_media":731,"template":"","meta":[],"product_cat":[64],"product_tag":[53],"class_list":{"0":"post-707","1":"product","2":"type-product","3":"status-publish","4":"has-post-thumbnail","6":"product_cat-hoodies","7":"product_tag-kvinnor","8":"product_shipping_class-fri-frakt","10":"first","11":"instock","12":"sale","13":"taxable","14":"shipping-taxable","15":"purchasable","16":"product-type-variable","17":"rtwpvs-product"},"_links":{"self":[{"href":"https:\/\/uatlet.se\/index.php?rest_route=\/wp\/v2\/product\/707","targetHints":{"allow":["GET"]}}],"collection":[{"href":"https:\/\/uatlet.se\/index.php?rest_route=\/wp\/v2\/product"}],"about":[{"href":"https:\/\/uatlet.se\/index.php?rest_route=\/wp\/v2\/types\/product"}],"wp:featuredmedia":[{"embeddable":true,"href":"https:\/\/uatlet.se\/index.php?rest_route=\/wp\/v2\/media\/731"}],"wp:attachment":[{"href":"https:\/\/uatlet.se\/index.php?rest_route=%2Fwp%2Fv2%2Fmedia&parent=707"}],"wp:term":[{"taxonomy":"product_cat","embeddable":true,"href":"https:\/\/uatlet.se\/index.php?rest_route=%2Fwp%2Fv2%2Fproduct_cat&post=707"},{"taxonomy":"product_tag","embeddable":true,"href":"https:\/\/uatlet.se\/index.php?rest_route=%2Fwp%2Fv2%2Fproduct_tag&post=707"}],"curies":[{"name":"wp","href":"https:\/\/api.w.org\/{rel}","templated":true}]}}