{"id":745,"date":"2023-01-06T17:48:01","date_gmt":"2023-01-06T16:48:01","guid":{"rendered":"http:\/\/localhost\/?post_type=product&#038;p=745"},"modified":"2024-01-03T23:18:44","modified_gmt":"2024-01-03T22:18:44","slug":"under-armour-tech-twist-%c2%bd-zip-svart","status":"publish","type":"product","link":"https:\/\/uatlet.se\/?product=under-armour-tech-twist-%c2%bd-zip-svart","title":{"rendered":"Under Armour Tech\u2122 Twist \u00bd Zip Svart"},"content":{"rendered":"<h2>Inspiration!<\/h2>\n<p>Den h\u00e4r funktionstr\u00f6jan fr\u00e5n Under Armour har uppdaterats med en ny, mer str\u00f6mlinjeformad passform och har en h\u00f6g krage f\u00f6r b\u00e4ttre skydd. Den \u00e4r tillverkad i Under Armours ber\u00f6mda Tech material som \u00e4r supermjukt och har en sk\u00f6n naturlig k\u00e4nsla. Den hj\u00e4lper dig ocks\u00e5 igenom tr\u00e4ningen, oavsett hur h\u00e5rt du k\u00f6r, genom att vara svettavvisande och torka riktigt snabbt.<\/p>\n<h2>Information!<\/h2>\n<ul>\n<li>UA Tech\u2122 material som torkar fort, \u00e4r supermjukt och har en naturlig k\u00e4nsla<\/li>\n<li>Svettavvisande material<\/li>\n<li>\u00bd dragkedja i fram med h\u00f6g krage<\/li>\n<li>Raglan \u00e4rmar<\/li>\n<li>Sids\u00f6mmar som rullats fram\u00e5t f\u00f6r b\u00e4ttre passform och funktion<\/li>\n<li>100% Polyester<\/li>\n<li>F\u00e4rg: Svart<\/li>\n<\/ul>\n<p><em>Finns ocks\u00e5 i <a href=\"\/?p=4064\">Rosa<\/a>.<\/em><\/p>\n","protected":false},"excerpt":{"rendered":"<p>En supermjuk, bekv\u00e4m funktionstr\u00f6ja i Under Armours patenterade Tech material. Finns ocks\u00e5 i Rosa.<\/p>\n","protected":false},"featured_media":766,"template":"","meta":[],"product_cat":[54],"product_tag":[53],"class_list":{"0":"post-745","1":"product","2":"type-product","3":"status-publish","4":"has-post-thumbnail","6":"product_cat-langarmat","7":"product_tag-kvinnor","8":"product_shipping_class-fri-frakt","10":"first","11":"instock","12":"sale","13":"taxable","14":"shipping-taxable","15":"purchasable","16":"product-type-variable","17":"rtwpvs-product"},"_links":{"self":[{"href":"https:\/\/uatlet.se\/index.php?rest_route=\/wp\/v2\/product\/745","targetHints":{"allow":["GET"]}}],"collection":[{"href":"https:\/\/uatlet.se\/index.php?rest_route=\/wp\/v2\/product"}],"about":[{"href":"https:\/\/uatlet.se\/index.php?rest_route=\/wp\/v2\/types\/product"}],"wp:featuredmedia":[{"embeddable":true,"href":"https:\/\/uatlet.se\/index.php?rest_route=\/wp\/v2\/media\/766"}],"wp:attachment":[{"href":"https:\/\/uatlet.se\/index.php?rest_route=%2Fwp%2Fv2%2Fmedia&parent=745"}],"wp:term":[{"taxonomy":"product_cat","embeddable":true,"href":"https:\/\/uatlet.se\/index.php?rest_route=%2Fwp%2Fv2%2Fproduct_cat&post=745"},{"taxonomy":"product_tag","embeddable":true,"href":"https:\/\/uatlet.se\/index.php?rest_route=%2Fwp%2Fv2%2Fproduct_tag&post=745"}],"curies":[{"name":"wp","href":"https:\/\/api.w.org\/{rel}","templated":true}]}}